{"id":146645,"date":"2025-01-24T23:19:17","date_gmt":"2025-01-24T22:19:17","guid":{"rendered":"https:\/\/market-mindz.com\/index.php\/dna\/"},"modified":"2025-02-21T12:12:54","modified_gmt":"2025-02-21T11:12:54","slug":"dna","status":"publish","type":"page","link":"https:\/\/market-mindz.com\/de\/index.php\/dna\/","title":{"rendered":"DNA"},"content":{"rendered":"<div class=\"wpb-content-wrapper\"><p>[vc_row unlock_row_content=&#8220;yes&#8220; row_height_percent=&#8220;0&#8243; override_padding=&#8220;yes&#8220; h_padding=&#8220;5&#8243; top_padding=&#8220;4&#8243; bottom_padding=&#8220;6&#8243; overlay_alpha=&#8220;50&#8243; gutter_size=&#8220;3&#8243; column_width_percent=&#8220;100&#8243; shift_y=&#8220;0&#8243; z_index=&#8220;0&#8243; desktop_visibility=&#8220;yes&#8220; medium_visibility=&#8220;yes&#8220; content_parallax=&#8220;0&#8243; uncode_shortcode_id=&#8220;274257&#8243; css=&#8220;.vc_custom_1739811658364{padding-top: 10px !important;}&#8220;][vc_column column_width_percent=&#8220;100&#8243; position_vertical=&#8220;middle&#8220; align_horizontal=&#8220;align_center&#8220; gutter_size=&#8220;3&#8243; style=&#8220;dark&#8220; overlay_alpha=&#8220;50&#8243; shift_x=&#8220;0&#8243; shift_y=&#8220;0&#8243; shift_y_down=&#8220;0&#8243; z_index=&#8220;0&#8243; medium_width=&#8220;0&#8243; mobile_width=&#8220;0&#8243; css_animation=&#8220;alpha-anim&#8220; animation_speed=&#8220;1000&#8243; width=&#8220;1\/1&#8243; uncode_shortcode_id=&#8220;166701&#8243;][vc_custom_heading heading_semantic=&#8220;h1&#8243; text_font=&#8220;font-846016&#8243; text_size=&#8220;custom&#8220; text_weight=&#8220;400&#8243; text_height=&#8220;fontheight-179065&#8243; text_stroke=&#8220;yes&#8220; css_animation=&#8220;marquee&#8220; marquee_clone=&#8220;yes&#8220; marquee_space=&#8220;1&#8243; marquee_speed=&#8220;0&#8243; sticky_trigger=&#8220;yes&#8220; sticky_trigger_option=&#8220;no-height&#8220; uncode_shortcode_id=&#8220;177987&#8243; text_color_type=&#8220;uncode-solid&#8220; text_color_solid=&#8220;#333333&#8243; heading_custom_size=&#8220;clamp(30px,22vw,450px)&#8220;]DNA[\/vc_custom_heading][vc_custom_heading heading_semantic=&#8220;h1&#8243; text_font=&#8220;font-846016&#8243; text_size=&#8220;custom&#8220; text_weight=&#8220;400&#8243; text_stroke=&#8220;yes&#8220; css_animation=&#8220;single-curtain&#8220; animation_speed=&#8220;2000&#8243; uncode_shortcode_id=&#8220;139422&#8243; heading_custom_size=&#8220;clamp(30px,10vw,450px)&#8220;]DNA[\/vc_custom_heading][\/vc_column][\/vc_row][vc_row unlock_row_content=&#8220;yes&#8220; row_height_percent=&#8220;0&#8243; override_padding=&#8220;yes&#8220; h_padding=&#8220;5&#8243; top_padding=&#8220;4&#8243; bottom_padding=&#8220;6&#8243; overlay_alpha=&#8220;50&#8243; gutter_size=&#8220;3&#8243; column_width_percent=&#8220;100&#8243; shift_y=&#8220;0&#8243; z_index=&#8220;0&#8243; mobile_visibility=&#8220;yes&#8220; content_parallax=&#8220;0&#8243; uncode_shortcode_id=&#8220;200922&#8243;][vc_column column_width_percent=&#8220;100&#8243; position_vertical=&#8220;middle&#8220; align_horizontal=&#8220;align_center&#8220; gutter_size=&#8220;3&#8243; style=&#8220;dark&#8220; overlay_alpha=&#8220;50&#8243; shift_x=&#8220;0&#8243; shift_y=&#8220;0&#8243; shift_y_down=&#8220;0&#8243; z_index=&#8220;0&#8243; medium_width=&#8220;0&#8243; mobile_width=&#8220;0&#8243; css_animation=&#8220;alpha-anim&#8220; animation_speed=&#8220;1000&#8243; width=&#8220;1\/1&#8243; uncode_shortcode_id=&#8220;166701&#8243;][vc_custom_heading heading_semantic=&#8220;h1&#8243; text_font=&#8220;font-846016&#8243; text_size=&#8220;custom&#8220; text_weight=&#8220;400&#8243; text_height=&#8220;fontheight-179065&#8243; text_stroke=&#8220;yes&#8220; css_animation=&#8220;marquee&#8220; marquee_clone=&#8220;yes&#8220; marquee_space=&#8220;1&#8243; marquee_speed=&#8220;0&#8243; sticky_trigger=&#8220;yes&#8220; sticky_trigger_option=&#8220;no-height&#8220; uncode_shortcode_id=&#8220;177987&#8243; text_color_type=&#8220;uncode-solid&#8220; text_color_solid=&#8220;#333333&#8243; heading_custom_size=&#8220;clamp(30px,22vw,450px)&#8220;]DNA[\/vc_custom_heading][vc_custom_heading heading_semantic=&#8220;h1&#8243; text_font=&#8220;font-846016&#8243; text_size=&#8220;custom&#8220; text_weight=&#8220;400&#8243; text_stroke=&#8220;yes&#8220; css_animation=&#8220;single-curtain&#8220; animation_speed=&#8220;2000&#8243; uncode_shortcode_id=&#8220;139422&#8243; heading_custom_size=&#8220;clamp(30px,10vw,450px)&#8220;]DNA[\/vc_custom_heading][\/vc_column][\/vc_row][vc_row unlock_row_content=&#8220;yes&#8220; row_height_percent=&#8220;0&#8243; override_padding=&#8220;yes&#8220; h_padding=&#8220;7&#8243; top_padding=&#8220;0&#8243; bottom_padding=&#8220;3&#8243; overlay_alpha=&#8220;50&#8243; gutter_size=&#8220;3&#8243; column_width_percent=&#8220;100&#8243; shift_y=&#8220;0&#8243; z_index=&#8220;0&#8243; desktop_visibility=&#8220;yes&#8220; medium_visibility=&#8220;yes&#8220; content_parallax=&#8220;0&#8243; uncode_shortcode_id=&#8220;464990&#8243;][vc_column width=&#8220;1\/1&#8243;][vc_custom_heading text_size=&#8220;custom&#8220; css_animation=&#8220;typewriter&#8220; animation_speed=&#8220;2000&#8243; uncode_shortcode_id=&#8220;379411&#8243; heading_custom_size=&#8220;25&#8243;]<span style=\"color: #ffffff;\">Wir halten uns nicht an Regeln, wir brechen sie. Unser Wesen besteht aus reiner Innovation, bei der das Traditionelle hinter sich gelassen und das Unm\u00f6gliche m\u00f6glich wird. Wir interessieren uns nicht f\u00fcr das, was alle tun, sondern f\u00fcr das, was niemand zu tun wagt. Jede Strategie, jedes Detail ist darauf ausgerichtet, neue Wege zu gehen, Wirkung zu erzielen und den Status quo in Frage zu stellen. Wir gehen unter die Haut Ihrer Marke, wir verstehen sie, wir verwandeln sie, und wir bringen sie auf ein Niveau, das Sie sich nie vorstellen konnten. Wir sind nicht hier, um Trends zu folgen, wir sind hier, um sie zu schaffen.<\/span>[\/vc_custom_heading][uncode_vertical_text text_align=&#8220;top&#8220; vertical_text_h_pos=&#8220;-3&#8243; vertical_text_v_pos=&#8220;0&#8243; z_index=&#8220;0&#8243; text_color=&#8220;color-846875&#8243; uncode_shortcode_id=&#8220;939902&#8243; text_color_type=&#8220;uncode-palette&#8220;]Marketmindz[\/uncode_vertical_text][\/vc_column][\/vc_row][vc_row unlock_row_content=&#8220;yes&#8220; row_height_percent=&#8220;0&#8243; override_padding=&#8220;yes&#8220; h_padding=&#8220;7&#8243; top_padding=&#8220;3&#8243; bottom_padding=&#8220;3&#8243; overlay_alpha=&#8220;50&#8243; gutter_size=&#8220;3&#8243; column_width_percent=&#8220;100&#8243; shift_y=&#8220;0&#8243; z_index=&#8220;0&#8243; mobile_visibility=&#8220;yes&#8220; content_parallax=&#8220;0&#8243; uncode_shortcode_id=&#8220;528251&#8243;][vc_column width=&#8220;1\/1&#8243;][vc_custom_heading text_size=&#8220;fontsize-155944&#8243; css_animation=&#8220;typewriter&#8220; animation_speed=&#8220;2000&#8243; uncode_shortcode_id=&#8220;243524&#8243;]<span style=\"color: #ffffff;\">Wir halten uns nicht an Regeln, wir brechen sie. Unser Wesen besteht aus reiner Innovation, bei der das Traditionelle hinter sich gelassen und das Unm\u00f6gliche m\u00f6glich wird. Wir interessieren uns nicht f\u00fcr das, was alle tun, sondern f\u00fcr das, was niemand zu tun wagt. Jede Strategie, jedes Detail ist darauf ausgerichtet, neue Wege zu gehen, Wirkung zu erzielen und den Status quo in Frage zu stellen. Wir gehen unter die Haut Ihrer Marke, wir verstehen sie, wir verwandeln sie, und wir bringen sie auf ein Niveau, das Sie sich nie vorstellen konnten. Wir sind nicht hier, um Trends zu folgen, wir sind hier, um sie zu schaffen.<\/span>[\/vc_custom_heading][uncode_vertical_text text_align=&#8220;top&#8220; vertical_text_h_pos=&#8220;-3&#8243; vertical_text_v_pos=&#8220;0&#8243; z_index=&#8220;0&#8243; text_color=&#8220;color-846875&#8243; uncode_shortcode_id=&#8220;939902&#8243; text_color_type=&#8220;uncode-palette&#8220;]Marketmindz[\/uncode_vertical_text][\/vc_column][\/vc_row][vc_row unlock_row_content=&#8220;yes&#8220; row_height_percent=&#8220;0&#8243; override_padding=&#8220;yes&#8220; h_padding=&#8220;0&#8243; top_padding=&#8220;1&#8243; bottom_padding=&#8220;0&#8243; overlay_alpha=&#8220;50&#8243; gutter_size=&#8220;3&#8243; column_width_percent=&#8220;100&#8243; preserve_border=&#8220;yes&#8220; preserve_border_tablet=&#8220;yes&#8220; preserve_border_mobile=&#8220;yes&#8220; border_color=&#8220;color-846875&#8243; border_style=&#8220;solid&#8220; shift_y=&#8220;0&#8243; z_index=&#8220;0&#8243; desktop_visibility=&#8220;yes&#8220; medium_visibility=&#8220;yes&#8220; content_parallax=&#8220;0&#8243; uncode_shortcode_id=&#8220;183738&#8243; css=&#8220;.vc_custom_1739796989057{border-right-width: 1px !important;border-left-width: 1px !important;padding-right: 5px !important;padding-left: 5px !important;}&#8220; border_color_type=&#8220;uncode-palette&#8220;][vc_column column_width_percent=&#8220;100&#8243; align_horizontal=&#8220;align_center&#8220; gutter_size=&#8220;2&#8243; override_padding=&#8220;yes&#8220; column_padding=&#8220;2&#8243; overlay_alpha=&#8220;50&#8243; radius=&#8220;std&#8220; border_color=&#8220;color-846875&#8243; border_style=&#8220;solid&#8220; shift_x=&#8220;0&#8243; shift_y=&#8220;0&#8243; shift_y_down=&#8220;0&#8243; z_index=&#8220;0&#8243; medium_width=&#8220;0&#8243; mobile_width=&#8220;0&#8243; width=&#8220;1\/1&#8243; uncode_shortcode_id=&#8220;696886&#8243; border_color_type=&#8220;uncode-palette&#8220; css=&#8220;.vc_custom_1739791279103{border-right-width: 1px !important;border-left-width: 1px !important;}&#8220; back_color_type=&#8220;uncode-solid&#8220; back_color_solid=&#8220;#0d0d0d&#8220;][vc_row_inner limit_content=&#8220;&#8220;][vc_column_inner column_width_percent=&#8220;100&#8243; align_horizontal=&#8220;align_center&#8220; gutter_size=&#8220;1&#8243; overlay_alpha=&#8220;50&#8243; shift_x=&#8220;0&#8243; shift_y=&#8220;0&#8243; shift_y_down=&#8220;0&#8243; z_index=&#8220;0&#8243; medium_width=&#8220;0&#8243; mobile_width=&#8220;0&#8243; width=&#8220;1\/1&#8243; uncode_shortcode_id=&#8220;373630&#8243;][vc_custom_heading text_color=&#8220;color-846875&#8243; text_size=&#8220;custom&#8220; css_animation=&#8220;curtain-words&#8220; uncode_shortcode_id=&#8220;183771&#8243; text_color_type=&#8220;uncode-palette&#8220; heading_custom_size=&#8220;40&#8243;]M\u00f6gen Sie Marketmindz DNA?[\/vc_custom_heading][vc_custom_heading text_color=&#8220;color-241336&#8243; text_size=&#8220;custom&#8220; uncode_shortcode_id=&#8220;485648&#8243; text_color_type=&#8220;uncode-palette&#8220; heading_custom_size=&#8220;15&#8243;]Z\u00f6gern Sie nicht, uns zu kontaktieren, gemeinsam schaffen wir etwas Gro\u00dfes.[\/vc_custom_heading][vc_empty_space empty_h=&#8220;2&#8243;][\/vc_column_inner][\/vc_row_inner][vc_row_inner limit_content=&#8220;&#8220;][vc_column_inner column_width_percent=&#8220;100&#8243; align_horizontal=&#8220;align_center&#8220; gutter_size=&#8220;1&#8243; overlay_alpha=&#8220;50&#8243; shift_x=&#8220;0&#8243; shift_y=&#8220;0&#8243; shift_y_down=&#8220;0&#8243; z_index=&#8220;0&#8243; medium_width=&#8220;0&#8243; mobile_width=&#8220;0&#8243; width=&#8220;1\/1&#8243; uncode_shortcode_id=&#8220;782313&#8243;][vc_icon position=&#8220;left&#8220; space_reduced=&#8220;yes&#8220; icon=&#8220;fa fa-phone-handset&#8220; icon_color=&#8220;color-241336&#8243; heading_semantic=&#8220;h1&#8243; text_font=&#8220;font-846016&#8243; text_size=&#8220;h1&#8243; text_lead=&#8220;small&#8220; uncode_shortcode_id=&#8220;505755&#8243; icon_color_type=&#8220;uncode-palette&#8220;]<\/p>\n<h4 style=\"text-align: left;\"><span style=\"color: #ffffff;\">+1 (954) 736-9818<\/span><\/h4>\n<p>[\/vc_icon][vc_icon position=&#8220;left&#8220; space_reduced=&#8220;yes&#8220; icon=&#8220;fa fa-whatsapp&#8220; icon_color=&#8220;color-241336&#8243; heading_semantic=&#8220;h2&#8243; text_font=&#8220;font-846016&#8243; text_size=&#8220;h1&#8243; text_lead=&#8220;small&#8220; uncode_shortcode_id=&#8220;170343&#8243; icon_color_type=&#8220;uncode-palette&#8220;]<\/p>\n<h4 style=\"text-align: left;\"><span style=\"color: #ffffff;\">+1 (954) 736-9818<\/span><\/h4>\n<p>[\/vc_icon][vc_icon position=&#8220;left&#8220; space_reduced=&#8220;yes&#8220; icon=&#8220;fa fa-envelope3&#8243; icon_color=&#8220;color-241336&#8243; heading_semantic=&#8220;h2&#8243; text_font=&#8220;font-846016&#8243; text_size=&#8220;h1&#8243; text_lead=&#8220;small&#8220; uncode_shortcode_id=&#8220;433795&#8243; icon_color_type=&#8220;uncode-palette&#8220;]<\/p>\n<h4 style=\"text-align: left;\"><a href=\"mailto:hello@market-mindz.com\"><span style=\"color: #ffffff;\">hello@market-mindz.com<\/span><\/a><\/h4>\n<p>[\/vc_icon][vc_empty_space empty_h=&#8220;2&#8243;][vc_button button_color=&#8220;color-846875&#8243; size=&#8220;btn-lg&#8220; border_width=&#8220;0&#8243; button_color_type=&#8220;uncode-palette&#8220; uncode_shortcode_id=&#8220;148922&#8243; link=&#8220;url:https%3A%2F%2Fc8687ddb37df.quillforms.app%2Fforms%2Fmkmz-cotizacion-ingles-copy&#8220;]Fordern Sie ein Angebot an![\/vc_button][\/vc_column_inner][\/vc_row_inner][vc_empty_space empty_h=&#8220;1&#8243;][\/vc_column][\/vc_row][vc_row unlock_row_content=&#8220;yes&#8220; row_height_percent=&#8220;0&#8243; overlay_alpha=&#8220;50&#8243; gutter_size=&#8220;3&#8243; column_width_percent=&#8220;100&#8243; shift_y=&#8220;0&#8243; z_index=&#8220;0&#8243; mobile_visibility=&#8220;yes&#8220; content_parallax=&#8220;0&#8243; uncode_shortcode_id=&#8220;198623&#8243;][vc_column column_width_percent=&#8220;100&#8243; gutter_size=&#8220;3&#8243; overlay_alpha=&#8220;50&#8243; radius=&#8220;std&#8220; border_color=&#8220;color-846875&#8243; border_style=&#8220;solid&#8220; shift_x=&#8220;0&#8243; shift_y=&#8220;0&#8243; shift_y_down=&#8220;0&#8243; z_index=&#8220;0&#8243; medium_width=&#8220;0&#8243; mobile_width=&#8220;0&#8243; width=&#8220;1\/1&#8243; uncode_shortcode_id=&#8220;337292&#8243; border_color_type=&#8220;uncode-palette&#8220; css=&#8220;.vc_custom_1739369161881{border-right-width: 1px !important;border-left-width: 1px !important;}&#8220; back_color_type=&#8220;uncode-solid&#8220; back_color_solid=&#8220;#0d0d0d&#8220;][vc_empty_space empty_h=&#8220;2&#8243;][vc_row_inner limit_content=&#8220;&#8220;][vc_column_inner column_width_percent=&#8220;100&#8243; align_horizontal=&#8220;align_center&#8220; gutter_size=&#8220;1&#8243; overlay_alpha=&#8220;50&#8243; shift_x=&#8220;0&#8243; shift_y=&#8220;0&#8243; shift_y_down=&#8220;0&#8243; z_index=&#8220;0&#8243; medium_width=&#8220;0&#8243; mobile_width=&#8220;0&#8243; width=&#8220;1\/1&#8243; uncode_shortcode_id=&#8220;143632&#8243; css=&#8220;.vc_custom_1737660690381{padding-left: 40px !important;}&#8220;][vc_custom_heading text_color=&#8220;color-846875&#8243; text_size=&#8220;custom&#8220; css_animation=&#8220;curtain-words&#8220; uncode_shortcode_id=&#8220;622256&#8243; text_color_type=&#8220;uncode-palette&#8220; heading_custom_size=&#8220;50&#8243;]M\u00f6gen Sie Marketmindz DNA?[\/vc_custom_heading][vc_custom_heading text_color=&#8220;color-241336&#8243; text_size=&#8220;custom&#8220; uncode_shortcode_id=&#8220;452662&#8243; text_color_type=&#8220;uncode-palette&#8220; heading_custom_size=&#8220;30&#8243;]Z\u00f6gern Sie nicht, uns zu kontaktieren, gemeinsam schaffen wir etwas Gro\u00dfes.[\/vc_custom_heading][vc_empty_space empty_h=&#8220;2&#8243;][\/vc_column_inner][\/vc_row_inner][vc_row_inner limit_content=&#8220;&#8220;][vc_column_inner column_width_percent=&#8220;100&#8243; gutter_size=&#8220;1&#8243; overlay_alpha=&#8220;50&#8243; shift_x=&#8220;0&#8243; shift_y=&#8220;0&#8243; shift_y_down=&#8220;0&#8243; z_index=&#8220;0&#8243; medium_width=&#8220;0&#8243; mobile_width=&#8220;0&#8243; width=&#8220;1\/3&#8243; uncode_shortcode_id=&#8220;185495&#8243; css=&#8220;.vc_custom_1737660904452{padding-left: 40px !important;}&#8220;][\/vc_column_inner][vc_column_inner column_width_percent=&#8220;100&#8243; gutter_size=&#8220;0&#8243; overlay_alpha=&#8220;50&#8243; shift_x=&#8220;0&#8243; shift_y=&#8220;0&#8243; shift_y_down=&#8220;0&#8243; z_index=&#8220;0&#8243; medium_width=&#8220;0&#8243; mobile_width=&#8220;0&#8243; width=&#8220;2\/3&#8243; uncode_shortcode_id=&#8220;191984&#8243;][vc_icon position=&#8220;left&#8220; space_reduced=&#8220;yes&#8220; icon=&#8220;fa fa-phone-handset&#8220; icon_color=&#8220;color-241336&#8243; size=&#8220;fa-2x&#8220; heading_semantic=&#8220;h1&#8243; text_font=&#8220;font-846016&#8243; text_size=&#8220;h1&#8243; text_lead=&#8220;yes&#8220; uncode_shortcode_id=&#8220;713546&#8243; icon_color_type=&#8220;uncode-palette&#8220;]<\/p>\n<h2><span style=\"color: #ffffff;\">+1 (954) 736-9818<\/span><\/h2>\n<p>[\/vc_icon][vc_icon position=&#8220;left&#8220; space_reduced=&#8220;yes&#8220; icon=&#8220;fa fa-whatsapp&#8220; icon_color=&#8220;color-241336&#8243; size=&#8220;fa-2x&#8220; heading_semantic=&#8220;h2&#8243; text_font=&#8220;font-846016&#8243; text_size=&#8220;h1&#8243; text_lead=&#8220;yes&#8220; uncode_shortcode_id=&#8220;878907&#8243; icon_color_type=&#8220;uncode-palette&#8220;]<\/p>\n<h2><span style=\"color: #ffffff;\">+1 (954) 736-9818<\/span><\/h2>\n<p>[\/vc_icon][vc_icon position=&#8220;left&#8220; space_reduced=&#8220;yes&#8220; icon=&#8220;fa fa-envelope3&#8243; icon_color=&#8220;color-241336&#8243; size=&#8220;fa-2x&#8220; heading_semantic=&#8220;h2&#8243; text_font=&#8220;font-846016&#8243; text_size=&#8220;h1&#8243; text_lead=&#8220;yes&#8220; uncode_shortcode_id=&#8220;167265&#8243; icon_color_type=&#8220;uncode-palette&#8220;]<\/p>\n<h1><a href=\"mailto:hello@market-mindz.com\"><span style=\"color: #ffffff;\">hello@market-mindz.com<\/span><\/a><\/h1>\n<p>[\/vc_icon][vc_empty_space empty_h=&#8220;2&#8243;][vc_button button_color=&#8220;color-846875&#8243; border_width=&#8220;0&#8243; button_color_type=&#8220;uncode-palette&#8220; uncode_shortcode_id=&#8220;381827&#8243; link=&#8220;url:https%3A%2F%2Fc8687ddb37df.quillforms.app%2Fforms%2Fmkmz-cotizacion-ingles-copy&#8220;]Fordern Sie ein Angebot an![\/vc_button][\/vc_column_inner][\/vc_row_inner][vc_empty_space empty_h=&#8220;3&#8243;][\/vc_column][\/vc_row][vc_row row_height_percent=&#8220;0&#8243; overlay_alpha=&#8220;50&#8243; gutter_size=&#8220;3&#8243; column_width_percent=&#8220;100&#8243; shift_y=&#8220;0&#8243; z_index=&#8220;0&#8243; mobile_visibility=&#8220;yes&#8220; content_parallax=&#8220;0&#8243; uncode_shortcode_id=&#8220;507521&#8243;][vc_column width=&#8220;1\/1&#8243;][vc_empty_space empty_h=&#8220;2&#8243;][\/vc_column][\/vc_row][vc_row row_height_percent=&#8220;50&#8243; override_padding=&#8220;yes&#8220; h_padding=&#8220;0&#8243; top_padding=&#8220;2&#8243; bottom_padding=&#8220;2&#8243; back_color=&#8220;color-846875&#8243; overlay_alpha=&#8220;50&#8243; gutter_size=&#8220;3&#8243; column_width_percent=&#8220;100&#8243; border_color=&#8220;color-jevc&#8220; border_style=&#8220;solid&#8220; shift_y=&#8220;0&#8243; z_index=&#8220;0&#8243; desktop_visibility=&#8220;yes&#8220; medium_visibility=&#8220;yes&#8220; content_parallax=&#8220;0&#8243; uncode_shortcode_id=&#8220;177305&#8243; back_color_type=&#8220;uncode-palette&#8220; border_color_type=&#8220;uncode-palette&#8220; css=&#8220;.vc_custom_1739792310733{padding-right: 10px !important;padding-left: 10px !important;}&#8220;][vc_column column_width_use_pixel=&#8220;yes&#8220; position_vertical=&#8220;middle&#8220; align_horizontal=&#8220;align_center&#8220; gutter_size=&#8220;3&#8243; overlay_alpha=&#8220;50&#8243; shift_x=&#8220;0&#8243; shift_y=&#8220;0&#8243; shift_y_down=&#8220;0&#8243; z_index=&#8220;0&#8243; medium_width=&#8220;0&#8243; mobile_width=&#8220;0&#8243; width=&#8220;1\/1&#8243; column_width_pixel=&#8220;900&#8243; uncode_shortcode_id=&#8220;181711&#8243;][vc_custom_heading text_color=&#8220;color-929084&#8243; heading_semantic=&#8220;h6&#8243; text_size=&#8220;fontsize-160000&#8243; text_transform=&#8220;uppercase&#8220; text_space=&#8220;fontspace-135905&#8243; uncode_shortcode_id=&#8220;145128&#8243; text_color_type=&#8220;uncode-palette&#8220;]Newsletter[\/vc_custom_heading][vc_custom_heading text_size=&#8220;custom&#8220; uncode_shortcode_id=&#8220;834051&#8243; heading_custom_size=&#8220;25&#8243;]Verpassen Sie keine Updates mehr. Werden Sie Mitglied unserer Community und bleiben Sie informiert.[\/vc_custom_heading][vc_row_inner limit_content=&#8220;&#8220;][vc_column_inner column_width_use_pixel=&#8220;yes&#8220; align_horizontal=&#8220;align_center&#8220; gutter_size=&#8220;0&#8243; overlay_alpha=&#8220;50&#8243; shift_x=&#8220;0&#8243; shift_y=&#8220;0&#8243; shift_y_down=&#8220;0&#8243; z_index=&#8220;0&#8243; medium_width=&#8220;0&#8243; mobile_width=&#8220;0&#8243; width=&#8220;1\/1&#8243; column_width_pixel=&#8220;400&#8243;][vc_button border_width=&#8220;0&#8243; uncode_shortcode_id=&#8220;148494&#8243; link=&#8220;url:https%3A%2F%2Fc8687ddb37df.quillforms.app%2Fforms%2Fmkmz-newsletter-aleman&#8220;]Ja, ich m\u00f6chte Informationen per E-Mail erhalten[\/vc_button][\/vc_column_inner][\/vc_row_inner][\/vc_column][\/vc_row][vc_row row_height_percent=&#8220;50&#8243; override_padding=&#8220;yes&#8220; h_padding=&#8220;0&#8243; top_padding=&#8220;2&#8243; bottom_padding=&#8220;2&#8243; back_color=&#8220;color-846875&#8243; overlay_alpha=&#8220;50&#8243; gutter_size=&#8220;3&#8243; column_width_percent=&#8220;100&#8243; border_color=&#8220;color-jevc&#8220; border_style=&#8220;solid&#8220; shift_y=&#8220;0&#8243; z_index=&#8220;0&#8243; mobile_visibility=&#8220;yes&#8220; content_parallax=&#8220;0&#8243; uncode_shortcode_id=&#8220;135457&#8243; back_color_type=&#8220;uncode-palette&#8220; border_color_type=&#8220;uncode-palette&#8220; css=&#8220;.vc_custom_1739811883113{border-right-width: 30px !important;border-left-width: 30px !important;}&#8220;][vc_column column_width_use_pixel=&#8220;yes&#8220; position_vertical=&#8220;middle&#8220; align_horizontal=&#8220;align_center&#8220; gutter_size=&#8220;3&#8243; overlay_alpha=&#8220;50&#8243; shift_x=&#8220;0&#8243; shift_y=&#8220;0&#8243; shift_y_down=&#8220;0&#8243; z_index=&#8220;0&#8243; medium_width=&#8220;0&#8243; mobile_width=&#8220;0&#8243; width=&#8220;1\/1&#8243; column_width_pixel=&#8220;900&#8243; uncode_shortcode_id=&#8220;181711&#8243;][vc_custom_heading text_color=&#8220;color-929084&#8243; heading_semantic=&#8220;h6&#8243; text_size=&#8220;fontsize-160000&#8243; text_transform=&#8220;uppercase&#8220; text_space=&#8220;fontspace-135905&#8243; uncode_shortcode_id=&#8220;145128&#8243; text_color_type=&#8220;uncode-palette&#8220;]Newsletter[\/vc_custom_heading][vc_custom_heading heading_semantic=&#8220;h3&#8243; text_size=&#8220;fontsize-155944&#8243; uncode_shortcode_id=&#8220;182564&#8243;]Verpassen Sie keine Updates mehr. Werden Sie Mitglied unserer Community und bleiben Sie informiert.[\/vc_custom_heading][vc_row_inner limit_content=&#8220;&#8220;][vc_column_inner column_width_use_pixel=&#8220;yes&#8220; align_horizontal=&#8220;align_center&#8220; gutter_size=&#8220;0&#8243; overlay_alpha=&#8220;50&#8243; shift_x=&#8220;0&#8243; shift_y=&#8220;0&#8243; shift_y_down=&#8220;0&#8243; z_index=&#8220;0&#8243; medium_width=&#8220;0&#8243; mobile_width=&#8220;0&#8243; width=&#8220;1\/1&#8243; column_width_pixel=&#8220;400&#8243;][vc_button border_width=&#8220;0&#8243; uncode_shortcode_id=&#8220;887945&#8243; link=&#8220;url:https%3A%2F%2Fc8687ddb37df.quillforms.app%2Fforms%2Fmkmz-newsletter-aleman&#8220;]Ja, ich m\u00f6chte Informationen per E-Mail erhalten[\/vc_button][\/vc_column_inner][\/vc_row_inner][\/vc_column][\/vc_row]<\/p>\n<\/div>","protected":false},"excerpt":{"rendered":"<p>[vc_row unlock_row_content=&#8220;yes&#8220; row_height_percent=&#8220;0&#8243; override_padding=&#8220;yes&#8220; h_padding=&#8220;5&#8243; top_padding=&#8220;4&#8243; bottom_padding=&#8220;6&#8243; overlay_alpha=&#8220;50&#8243; gutter_size=&#8220;3&#8243; column_width_percent=&#8220;100&#8243; shift_y=&#8220;0&#8243; z_index=&#8220;0&#8243; desktop_visibility=&#8220;yes&#8220; medium_visibility=&#8220;yes&#8220; content_parallax=&#8220;0&#8243; uncode_shortcode_id=&#8220;274257&#8243; css=&#8220;.vc_custom_1739811658364{padding-top: 10px !important;}&#8220;][vc_column column_width_percent=&#8220;100&#8243; [&hellip;]<\/p>\n","protected":false},"author":1,"featured_media":0,"parent":0,"menu_order":0,"comment_status":"closed","ping_status":"closed","template":"","meta":{"footnotes":""},"class_list":["post-146645","page","type-page","status-publish","hentry"],"_links":{"self":[{"href":"https:\/\/market-mindz.com\/de\/index.php\/wp-json\/wp\/v2\/pages\/146645","targetHints":{"allow":["GET"]}}],"collection":[{"href":"https:\/\/market-mindz.com\/de\/index.php\/wp-json\/wp\/v2\/pages"}],"about":[{"href":"https:\/\/market-mindz.com\/de\/index.php\/wp-json\/wp\/v2\/types\/page"}],"author":[{"embeddable":true,"href":"https:\/\/market-mindz.com\/de\/index.php\/wp-json\/wp\/v2\/users\/1"}],"replies":[{"embeddable":true,"href":"https:\/\/market-mindz.com\/de\/index.php\/wp-json\/wp\/v2\/comments?post=146645"}],"version-history":[{"count":4,"href":"https:\/\/market-mindz.com\/de\/index.php\/wp-json\/wp\/v2\/pages\/146645\/revisions"}],"predecessor-version":[{"id":147094,"href":"https:\/\/market-mindz.com\/de\/index.php\/wp-json\/wp\/v2\/pages\/146645\/revisions\/147094"}],"wp:attachment":[{"href":"https:\/\/market-mindz.com\/de\/index.php\/wp-json\/wp\/v2\/media?parent=146645"}],"curies":[{"name":"wp","href":"https:\/\/api.w.org\/{rel}","templated":true}]}}