{"id":146666,"date":"2025-01-27T18:33:37","date_gmt":"2025-01-27T17:33:37","guid":{"rendered":"https:\/\/market-mindz.com\/index.php\/cookies\/"},"modified":"2025-02-21T13:32:53","modified_gmt":"2025-02-21T12:32:53","slug":"cookies","status":"publish","type":"page","link":"https:\/\/market-mindz.com\/de\/index.php\/cookies\/","title":{"rendered":"Cookies"},"content":{"rendered":"<div class=\"wpb-content-wrapper\"><p>[vc_row row_height_percent=&#8220;0&#8243; override_padding=&#8220;yes&#8220; h_padding=&#8220;0&#8243; top_padding=&#8220;3&#8243; bottom_padding=&#8220;0&#8243; overlay_alpha=&#8220;50&#8243; gutter_size=&#8220;3&#8243; column_width_percent=&#8220;100&#8243; shift_y=&#8220;0&#8243; z_index=&#8220;0&#8243; mobile_visibility=&#8220;yes&#8220; content_parallax=&#8220;0&#8243; uncode_shortcode_id=&#8220;203952&#8243;][vc_column width=&#8220;1\/1&#8243;][vc_empty_space empty_h=&#8220;1&#8243;][\/vc_column][\/vc_row][vc_row row_height_percent=&#8220;0&#8243; override_padding=&#8220;yes&#8220; h_padding=&#8220;2&#8243; top_padding=&#8220;3&#8243; bottom_padding=&#8220;0&#8243; overlay_alpha=&#8220;50&#8243; gutter_size=&#8220;3&#8243; column_width_percent=&#8220;100&#8243; shift_y=&#8220;0&#8243; z_index=&#8220;0&#8243; desktop_visibility=&#8220;yes&#8220; medium_visibility=&#8220;yes&#8220; content_parallax=&#8220;0&#8243; uncode_shortcode_id=&#8220;122574&#8243;][vc_column width=&#8220;1\/1&#8243;][vc_custom_heading text_size=&#8220;custom&#8220; text_weight=&#8220;500&#8243; text_height=&#8220;fontheight-524109&#8243; css_animation=&#8220;typewriter&#8220; animation_speed=&#8220;2000&#8243; uncode_shortcode_id=&#8220;154122&#8243; heading_custom_size=&#8220;14&#8243;]<\/p>\n<div class=\"et_pb_module et_pb_text et_pb_text_0 et_pb_text_align_left et_pb_bg_layout_light\">\n<div class=\"et_pb_text_inner\">\n<h2><b>Verarbeitung von Cookies<\/b><\/h2>\n<p>&nbsp;<\/p>\n<\/div>\n<\/div>\n<div class=\"et_pb_module et_pb_text et_pb_text_1 et_pb_text_align_left et_pb_bg_layout_light\">\n<div class=\"et_pb_text_inner\">\n<p><b>INFORMATIONEN UND TERMINOLOGIEN<\/b><\/p>\n<p>Cookies sind kleine Dateien, die Websites, Online-Shops, Intranets, Online-Plattformen o.\u00e4. im Browser des Benutzers, der sie besucht, speichern und die notwendig sind, um das Surfen im Internet mit unz\u00e4hligen Vorteilen bei der Bereitstellung interaktiver Dienste zu versehen.<br \/>\nDie folgenden Informationen \u00fcber die m\u00f6glichen Arten von Cookies helfen, die Funktionen, die sie erm\u00f6glichen, besser zu verstehen:<\/p>\n<p><b>Session-Cookies:  <\/b><\/p>\n<p><b><\/b>Es handelt sich um tempor\u00e4re Cookies, die im Cookie-Speicher Ihres Computers verbleiben, bis Sie den Browser schlie\u00dfen, so dass keine Daten auf der Festplatte des Benutzers gespeichert werden. Die durch diese Cookies erhaltenen Informationen werden verwendet, um das Betriebsmanagement mit jedem der Benutzer, die gleichzeitig auf die Website zugreifen, zu erm\u00f6glichen. <\/p>\n<p><b>Dauerhafte Cookies:<\/b><\/p>\n<p>Dabei handelt es sich um Cookies, die nach dem Schlie\u00dfen des Browsers im Cookie-Speicher Ihres Computers verbleiben und beim n\u00e4chsten Zugriff auf die Website abgerufen werden, um sich an Informationen zu erinnern, die das Surfen (direkter Zugriff auf den Dienst, ohne dass Sie sich anmelden m\u00fcssen) oder die Bereitstellung eines kommerziellen Dienstes (Angebot von Produkten oder Dienstleistungen im Zusammenhang mit fr\u00fcheren Besuchen) erleichtern.<br \/>\nCookies, die beim Surfen auf einer Website ausgetauscht werden, k\u00f6nnen sein:<\/p>\n<p><b>Erstanbieter- oder eigene Cookies:  <\/b><\/p>\n<p>Dies sind Cookies, die von der Website, die Sie besuchen, erzeugt werden.<\/p>\n<p><b>Cookies von Dritten:  <\/b><\/p>\n<p>Dabei handelt es sich um Cookies, die beim Surfen auf dieser Website empfangen werden, aber von einem auf der Website gehosteten Drittanbieterdienst erzeugt wurden. Ein Beispiel ist ein Cookie, das von einer Anzeige oder einem Werbebanner auf der von Ihnen besuchten Website verwendet wird. Ein anderes Beispiel ist ein Cookie, das von einem Web-Beacon verwendet wird, der von der von Ihnen besuchten Website eingestellt wurde.  <\/p>\n<p>Cookies k\u00f6nnen verwendet werden, um:<\/p>\n<p><b>Technische Zwecke:<\/b><\/p>\n<p>Diese sind auch als &#8222;unbedingt notwendig&#8220; bekannt. Sie erm\u00f6glichen es dem Benutzer, auf einer Website, Plattform oder Anwendung zu surfen und die verschiedenen Optionen oder Dienste zu nutzen, die es dort gibt, wie z.B. die Steuerung des Datenverkehrs und der Datenkommunikation, die Identifizierung der Sitzung, den Zugriff auf Bereiche mit eingeschr\u00e4nktem Zugang, die Erinnerung an die Elemente, aus denen eine Bestellung besteht, die Durchf\u00fchrung des Kaufvorgangs einer Bestellung, die Beantragung einer Registrierung oder die Teilnahme an einer Veranstaltung, die Verwendung von Sicherheitselementen w\u00e4hrend des Surfens, die Speicherung von Inhalten f\u00fcr die \u00dcbertragung von Videos oder Ton oder das Teilen von Inhalten \u00fcber soziale Netzwerke. <\/p>\n<p><b>Personalisierung:<br \/>\n<\/b>Sie erm\u00f6glichen es jedem Benutzer, Aspekte wie die Sprache, in der er die Webseite sehen m\u00f6chte, Anzeigeformate usw. zu konfigurieren.<\/p>\n<p><b>Analyse oder Leistung:  <\/b><\/p>\n<p>Sie erm\u00f6glichen es uns, die Anzahl der Besuche und die Browsing-Kriterien der verschiedenen Bereiche der Website, der Anwendung oder der Plattform zu messen und Browsing-Profile der Nutzer dieser Websites, Anwendungen und Plattformen zu erstellen, um auf der Grundlage der Analyse der von den Nutzern des Dienstes gesammelten Nutzungsdaten Verbesserungen einzuf\u00fchren.<\/p>\n<p><b>Werbung:<\/b><\/p>\n<p>Sie erm\u00f6glichen es, Effizienzparameter in die auf Websites angebotene Werbung zu implementieren.<\/p>\n<p><b>Verhaltensbasierte Werbung:  <\/b><\/p>\n<p>Sie erm\u00f6glichen die Implementierung von Effizienzparametern in die auf Webseiten angebotene Werbung auf der Grundlage von Informationen \u00fcber das Nutzerverhalten, die durch kontinuierliche Beobachtung der Surfgewohnheiten gewonnen werden, was die Entwicklung eines spezifischen Profils erm\u00f6glicht, um darauf basierende Werbung anzuzeigen.<\/p>\n<p><b>DETAILS ZU DEN VERWENDETEN COOKIES<\/b><\/p>\n<p>Die MARKETMINDZ-Website verwendet Cookies f\u00fcr das ordnungsgem\u00e4\u00dfe Funktionieren und die Anzeige von Websites durch den Benutzer sowie f\u00fcr die Erfassung von Statistiken. Im Einzelnen werden die folgenden Cookies verwendet: <\/p>\n<ul>\n<li>adwords.de<\/li>\n<li>doubleclick.net<\/li>\n<li>google.de<\/li>\n<li>googleadservices.de<\/li>\n<li>googleapis.com<\/li>\n<li>googlesyndication.com<\/li>\n<li>googletagmanager.com<\/li>\n<li>googletagservices.com<\/li>\n<li>googletraveladservices.com<\/li>\n<li>googleusercontent.com<\/li>\n<li>google-analytics.com<\/li>\n<li>gstatic.com<\/li>\n<li>urchin.com<\/li>\n<li>youtube.com<\/li>\n<li>ytimg.com<\/li>\n<\/ul>\n<p><b>DIENSTLEISTUNGEN DRITTER<\/b><\/p>\n<p>Dar\u00fcber hinaus ist MARKETMINDZ<span class=\"Apple-converted-space\">  <\/span>ist auf Portalen und Diensten von Drittanbietern vertreten. Wenn Sie sich \u00fcber die Bedingungen f\u00fcr den Datenschutz und die Verwendung von Cookies informieren m\u00f6chten, sollten Sie die von diesen bereitgestellten Richtlinien einsehen:<\/p>\n<p>Facebook: <a href=\"https:\/\/es-es.facebook.com\/help\/cookies\" target=\"_blank\" rel=\"noopener\">https:\/\/es-es.facebook.com\/help\/cookies<br \/>\n<\/a>Twitter: <a href=\"https:\/\/twitter.com\/privacy\" target=\"_blank\" rel=\"noopener\">https:\/\/twitter.com\/privacy<\/a><br \/>\nYoutube: <a href=\"https:\/\/www.google.es\/intl\/es\/policies\/technologies\/cookies\/%C2%A0\" target=\"_blank\" rel=\"noopener\">https:\/\/www.google.es\/intl\/es\/policies\/technologies\/cookies\/ <\/a><br \/>\n Linkedin: <a href=\"http:\/\/www.linkedin.com\/legal\/privacy-policy\" target=\"_blank\" rel=\"noopener\">http:\/\/www.linkedin.com\/legal\/privacy-policy<\/a><br \/>\nGoogle+: <a href=\"https:\/\/www.google.es\/intl\/es\/policies\/technologies\/cookies\/\" target=\"_blank\" rel=\"noopener\">https:\/\/www.google.es\/intl\/es\/policies\/technologies\/cookies\/<br \/>\n<\/a>Instagram: <a href=\"https:\/\/www.facebook.com\/policies\/cookies\/\" target=\"_blank\" rel=\"noopener\">https:\/\/www.facebook.com\/policies\/cookies\/<\/a><\/p>\n<p><b>ANNAHME DER COOKIE-RICHTLINIE<\/b><\/p>\n<p>MARKETMINDZ ENTERPRISE LLC zeigt Informationen \u00fcber seine Cookie-Richtlinie am unteren Ende jeder Seite der Website an, so dass Sie diese bei jedem Einloggen zur Kenntnis nehmen k\u00f6nnen.<\/p>\n<p>Angesichts dieser Informationen sind die folgenden Aktionen m\u00f6glich:<\/p>\n<ul>\n<li><b>Akzeptieren Sie Cookies: <\/b>Dieser Hinweis wird beim Zugriff auf eine beliebige Seite des Portals w\u00e4hrend der aktuellen Sitzung nicht mehr angezeigt.<\/li>\n<li><b>\u00c4ndern der Konfiguration: <\/b>Sie k\u00f6nnen weitere Informationen \u00fcber Cookies erhalten, sich \u00fcber die Cookie-Richtlinie von Arkae informieren und die Konfiguration Ihres Browsers \u00e4ndern, um die Cookies von Arkae jederzeit einzuschr\u00e4nken oder zu blockieren. Bei der Einschr\u00e4nkung oder Blockierung von Cookies k\u00f6nnen die Funktionen der Website eingeschr\u00e4nkt sein. <\/li>\n<li><b>Browsen Sie weiter oder bewegen Sie sich auf der Bildlaufleiste: <\/b>In diesem Fall gehen wir davon aus, dass Sie mit der Nutzung einverstanden sind.<\/li>\n<\/ul>\n<p><b>WIE SIE IHRE COOKIE-EINSTELLUNGEN \u00c4NDERN K\u00d6NNEN<\/b><\/p>\n<p>Sie k\u00f6nnen Cookies von MARKETMINDZ ENTERPRISE LLC oder jeder anderen Website mit Hilfe Ihres Browsers einschr\u00e4nken, blockieren oder l\u00f6schen. Jeder Browser funktioniert anders, die &#8222;Hilfe&#8220;-Funktion zeigt Ihnen, wie Sie das tun k\u00f6nnen: <\/p>\n<p><b>Internet Explorer:<\/b> <a href=\"https:\/\/support.microsoft.com\/es-es\/help\/17442\/windows-internet-explorer-delete-manage-cookies#ie=\" target=\"_blank\" rel=\"noopener\"><b>https:\/\/support.microsoft.com\/es-es\/help\/17442\/windows-internet-explorer-delete-manage-cookies#ie=<\/b><\/a><\/p>\n<p><b>FireFox:<\/b> <a href=\"https:\/\/support.mozilla.org\/es\/kb\/Borrar%2520cookies\" target=\"_blank\" rel=\"noopener\"><b>https:\/\/support.mozilla.org\/es\/kb\/Borrar%20cookies<\/b><\/a><\/p>\n<p><b>Chrom: <\/b><a href=\"https:\/\/support.google.com\/chrome\/answer\/95647?hl=\" target=\"_blank\" rel=\"noopener\"><b>support.google.com\/chrome\/answer\/95647?hl=&#8220;de&#8220;<\/b><\/a><\/p>\n<p><b>Safari:<\/b> <a href=\"http:\/\/www.apple.com\/es\/privacy\/use-of-cookies\/\" target=\"_blank\" rel=\"noopener\"><b>www.apple.com\/es\/privacy\/use-of-cookies\/<\/b><\/a><\/p>\n<p>Dar\u00fcber hinaus k\u00f6nnen Sie die Speicherung von Cookies in Ihrem Browser auch mit Hilfe von Tools wie den folgenden verwalten:<\/p>\n<p><b>Ghostery: <\/b><a href=\"http:\/\/www.ghostery.com\/\" target=\"_blank\" rel=\"noopener\"><b>www.ghostery.com\/<\/b><\/a><br \/>\n<b>Ihre Online-Auswahl: <\/b><a href=\"http:\/\/www.youronlinechoices.com\/es\/\" target=\"_blank\" rel=\"noopener\"><b>www.youronlinechoices.com\/es\/<\/b><\/a><\/p>\n<\/div>\n<\/div>\n<p>[\/vc_custom_heading][\/vc_column][\/vc_row][vc_row row_height_percent=&#8220;0&#8243; override_padding=&#8220;yes&#8220; h_padding=&#8220;0&#8243; top_padding=&#8220;3&#8243; bottom_padding=&#8220;0&#8243; overlay_alpha=&#8220;50&#8243; gutter_size=&#8220;3&#8243; column_width_percent=&#8220;100&#8243; shift_y=&#8220;0&#8243; z_index=&#8220;0&#8243; mobile_visibility=&#8220;yes&#8220; content_parallax=&#8220;0&#8243; uncode_shortcode_id=&#8220;830481&#8243;][vc_column width=&#8220;1\/1&#8243;][vc_custom_heading text_size=&#8220;custom&#8220; text_weight=&#8220;500&#8243; text_height=&#8220;fontheight-524109&#8243; css_animation=&#8220;typewriter&#8220; animation_speed=&#8220;2000&#8243; uncode_shortcode_id=&#8220;154122&#8243; heading_custom_size=&#8220;14&#8243;]<\/p>\n<div class=\"et_pb_module et_pb_text et_pb_text_0 et_pb_text_align_left et_pb_bg_layout_light\">\n<div class=\"et_pb_text_inner\">\n<h2><b>Verarbeitung von Cookies<\/b><\/h2>\n<p>&nbsp;<\/p>\n<\/div>\n<\/div>\n<div class=\"et_pb_module et_pb_text et_pb_text_1 et_pb_text_align_left et_pb_bg_layout_light\">\n<div class=\"et_pb_text_inner\">\n<p><b>INFORMATIONEN UND TERMINOLOGIEN<\/b><\/p>\n<p>Cookies sind kleine Dateien, die Websites, Online-Shops, Intranets, Online-Plattformen o.\u00e4. im Browser des Benutzers, der sie besucht, speichern und die notwendig sind, um das Surfen im Internet mit unz\u00e4hligen Vorteilen bei der Bereitstellung interaktiver Dienste zu versehen.<br \/>\nDie folgenden Informationen \u00fcber die m\u00f6glichen Arten von Cookies helfen, die Funktionen, die sie erm\u00f6glichen, besser zu verstehen:<\/p>\n<p><b>Session-Cookies:  <\/b><\/p>\n<p><b><\/b>Es handelt sich um tempor\u00e4re Cookies, die im Cookie-Speicher Ihres Computers verbleiben, bis Sie den Browser schlie\u00dfen, so dass keine Daten auf der Festplatte des Benutzers gespeichert werden. Die durch diese Cookies erhaltenen Informationen werden verwendet, um das Betriebsmanagement mit jedem der Benutzer, die gleichzeitig auf die Website zugreifen, zu erm\u00f6glichen. <\/p>\n<p><b>Dauerhafte Cookies:<\/b><\/p>\n<p>Dabei handelt es sich um Cookies, die nach dem Schlie\u00dfen des Browsers im Cookie-Speicher Ihres Computers verbleiben und beim n\u00e4chsten Zugriff auf die Website abgerufen werden, um sich an Informationen zu erinnern, die das Surfen (direkter Zugriff auf den Dienst, ohne dass Sie sich anmelden m\u00fcssen) oder die Bereitstellung eines kommerziellen Dienstes (Angebot von Produkten oder Dienstleistungen im Zusammenhang mit fr\u00fcheren Besuchen) erleichtern.<br \/>\nCookies, die beim Surfen auf einer Website ausgetauscht werden, k\u00f6nnen sein:<\/p>\n<p><b>Erstanbieter- oder eigene Cookies:  <\/b><\/p>\n<p>Dies sind Cookies, die von der Website, die Sie besuchen, erzeugt werden.<\/p>\n<p><b>Cookies von Dritten:  <\/b><\/p>\n<p>Dabei handelt es sich um Cookies, die beim Surfen auf dieser Website empfangen werden, aber von einem auf der Website gehosteten Drittanbieterdienst erzeugt wurden. Ein Beispiel ist ein Cookie, das von einer Anzeige oder einem Werbebanner auf der von Ihnen besuchten Website verwendet wird. Ein anderes Beispiel ist ein Cookie, das von einem Web-Beacon verwendet wird, der von der von Ihnen besuchten Website eingestellt wurde.  <\/p>\n<p>Cookies k\u00f6nnen verwendet werden, um:<\/p>\n<p><b>Technische Zwecke:<\/b><\/p>\n<p>Diese sind auch als &#8222;unbedingt notwendig&#8220; bekannt. Sie erm\u00f6glichen es dem Benutzer, auf einer Website, Plattform oder Anwendung zu surfen und die verschiedenen Optionen oder Dienste zu nutzen, die es dort gibt, wie z.B. die Steuerung des Datenverkehrs und der Datenkommunikation, die Identifizierung der Sitzung, den Zugriff auf Bereiche mit eingeschr\u00e4nktem Zugang, die Erinnerung an die Elemente, aus denen eine Bestellung besteht, die Durchf\u00fchrung des Kaufvorgangs einer Bestellung, die Beantragung einer Registrierung oder die Teilnahme an einer Veranstaltung, die Verwendung von Sicherheitselementen w\u00e4hrend des Surfens, die Speicherung von Inhalten f\u00fcr die \u00dcbertragung von Videos oder Ton oder das Teilen von Inhalten \u00fcber soziale Netzwerke. <\/p>\n<p><b>Personalisierung:<br \/>\n<\/b>Sie erm\u00f6glichen es jedem Benutzer, Aspekte wie die Sprache, in der er die Webseite sehen m\u00f6chte, Anzeigeformate usw. zu konfigurieren.<\/p>\n<p><b>Analyse oder Leistung:  <\/b><\/p>\n<p>Sie erm\u00f6glichen es uns, die Anzahl der Besuche und die Browsing-Kriterien der verschiedenen Bereiche der Website, der Anwendung oder der Plattform zu messen und Browsing-Profile der Nutzer dieser Websites, Anwendungen und Plattformen zu erstellen, um auf der Grundlage der Analyse der von den Nutzern des Dienstes gesammelten Nutzungsdaten Verbesserungen einzuf\u00fchren.<\/p>\n<p><b>Werbung:<\/b><\/p>\n<p>Sie erm\u00f6glichen es, Effizienzparameter in die auf Websites angebotene Werbung zu implementieren.<\/p>\n<p><b>Verhaltensbasierte Werbung:  <\/b><\/p>\n<p>Sie erm\u00f6glichen die Implementierung von Effizienzparametern in die auf Webseiten angebotene Werbung auf der Grundlage von Informationen \u00fcber das Nutzerverhalten, die durch kontinuierliche Beobachtung der Surfgewohnheiten gewonnen werden, was die Entwicklung eines spezifischen Profils erm\u00f6glicht, um darauf basierende Werbung anzuzeigen.<\/p>\n<p><b>DETAILS ZU DEN VERWENDETEN COOKIES<\/b><\/p>\n<p>Die MARKETMINDZ-Website verwendet Cookies f\u00fcr das ordnungsgem\u00e4\u00dfe Funktionieren und die Anzeige von Websites durch den Benutzer sowie f\u00fcr die Erfassung von Statistiken. Im Einzelnen werden die folgenden Cookies verwendet: <\/p>\n<ul>\n<li>adwords.de<\/li>\n<li>doubleclick.net<\/li>\n<li>google.de<\/li>\n<li>googleadservices.de<\/li>\n<li>googleapis.com<\/li>\n<li>googlesyndication.com<\/li>\n<li>googletagmanager.com<\/li>\n<li>googletagservices.com<\/li>\n<li>googletraveladservices.com<\/li>\n<li>googleusercontent.com<\/li>\n<li>google-analytics.com<\/li>\n<li>gstatic.com<\/li>\n<li>urchin.com<\/li>\n<li>youtube.com<\/li>\n<li>ytimg.com<\/li>\n<\/ul>\n<p><b>DIENSTLEISTUNGEN DRITTER<\/b><\/p>\n<p>Dar\u00fcber hinaus ist MARKETMINDZ<span class=\"Apple-converted-space\">  <\/span>ist auf Portalen und Diensten von Drittanbietern vertreten. Wenn Sie sich \u00fcber die Bedingungen f\u00fcr den Datenschutz und die Verwendung von Cookies informieren m\u00f6chten, sollten Sie die von diesen bereitgestellten Richtlinien einsehen:<\/p>\n<p>Facebook: <a href=\"https:\/\/es-es.facebook.com\/help\/cookies\" target=\"_blank\" rel=\"noopener\">https:\/\/es-es.facebook.com\/help\/cookies<br \/>\n<\/a>Twitter: <a href=\"https:\/\/twitter.com\/privacy\" target=\"_blank\" rel=\"noopener\">https:\/\/twitter.com\/privacy<\/a><br \/>\nYoutube: <a href=\"https:\/\/www.google.es\/intl\/es\/policies\/technologies\/cookies\/%C2%A0\" target=\"_blank\" rel=\"noopener\">https:\/\/www.google.es\/intl\/es\/policies\/technologies\/cookies\/ <\/a><br \/>\n Linkedin: <a href=\"http:\/\/www.linkedin.com\/legal\/privacy-policy\" target=\"_blank\" rel=\"noopener\">http:\/\/www.linkedin.com\/legal\/privacy-policy<\/a><br \/>\nGoogle+: <a href=\"https:\/\/www.google.es\/intl\/es\/policies\/technologies\/cookies\/\" target=\"_blank\" rel=\"noopener\">https:\/\/www.google.es\/intl\/es\/policies\/technologies\/cookies\/<br \/>\n<\/a>Instagram: <a href=\"https:\/\/www.facebook.com\/policies\/cookies\/\" target=\"_blank\" rel=\"noopener\">https:\/\/www.facebook.com\/policies\/cookies\/<\/a><\/p>\n<p><b>ANNAHME DER COOKIE-RICHTLINIE<\/b><\/p>\n<p>MARKETMINDZ ENTERPRISE LLC zeigt Informationen \u00fcber seine Cookie-Richtlinie am unteren Ende jeder Seite der Website an, so dass Sie diese bei jedem Einloggen zur Kenntnis nehmen k\u00f6nnen.<\/p>\n<p>Angesichts dieser Informationen sind die folgenden Aktionen m\u00f6glich:<\/p>\n<ul>\n<li><b>Akzeptieren Sie Cookies: <\/b>Dieser Hinweis wird beim Zugriff auf eine beliebige Seite des Portals w\u00e4hrend der aktuellen Sitzung nicht mehr angezeigt.<\/li>\n<li><b>\u00c4ndern der Konfiguration: <\/b>Sie k\u00f6nnen weitere Informationen \u00fcber Cookies erhalten, sich \u00fcber die Cookie-Richtlinie von Arkae informieren und die Konfiguration Ihres Browsers \u00e4ndern, um die Cookies von Arkae jederzeit einzuschr\u00e4nken oder zu blockieren. Bei der Einschr\u00e4nkung oder Blockierung von Cookies k\u00f6nnen die Funktionen der Website eingeschr\u00e4nkt sein. <\/li>\n<li><b>Browsen Sie weiter oder bewegen Sie sich auf der Bildlaufleiste: <\/b>In diesem Fall gehen wir davon aus, dass Sie mit der Nutzung einverstanden sind.<\/li>\n<\/ul>\n<p><b>WIE SIE IHRE COOKIE-EINSTELLUNGEN \u00c4NDERN K\u00d6NNEN<\/b><\/p>\n<p>Sie k\u00f6nnen Cookies von MARKETMINDZ ENTERPRISE LLC oder jeder anderen Website mit Hilfe Ihres Browsers einschr\u00e4nken, blockieren oder l\u00f6schen. Jeder Browser funktioniert anders, die &#8222;Hilfe&#8220;-Funktion zeigt Ihnen, wie Sie das tun k\u00f6nnen: <\/p>\n<p><b>Internet Explorer:<\/b> <a href=\"https:\/\/support.microsoft.com\/es-es\/help\/17442\/windows-internet-explorer-delete-manage-cookies#ie=\" target=\"_blank\" rel=\"noopener\"><b>https:\/\/support.microsoft.com\/es-es\/help\/17442\/windows-internet-explorer-delete-manage-cookies#ie=<\/b><\/a><\/p>\n<p><b>FireFox:<\/b> <a href=\"https:\/\/support.mozilla.org\/es\/kb\/Borrar%2520cookies\" target=\"_blank\" rel=\"noopener\"><b>https:\/\/support.mozilla.org\/es\/kb\/Borrar%20cookies<\/b><\/a><\/p>\n<p><b>Chrom: <\/b><a href=\"https:\/\/support.google.com\/chrome\/answer\/95647?hl=\" target=\"_blank\" rel=\"noopener\"><b>support.google.com\/chrome\/answer\/95647?hl=&#8220;de&#8220;<\/b><\/a><\/p>\n<p><b>Safari:<\/b> <a href=\"http:\/\/www.apple.com\/es\/privacy\/use-of-cookies\/\" target=\"_blank\" rel=\"noopener\"><b>www.apple.com\/es\/privacy\/use-of-cookies\/<\/b><\/a><\/p>\n<p>Dar\u00fcber hinaus k\u00f6nnen Sie die Speicherung von Cookies in Ihrem Browser auch mit Hilfe von Tools wie den folgenden verwalten:<\/p>\n<p><b>Ghostery: <\/b><a href=\"http:\/\/www.ghostery.com\/\" target=\"_blank\" rel=\"noopener\"><b>www.ghostery.com\/<\/b><\/a><br \/>\n<b>Ihre Online-Auswahl: <\/b><a href=\"http:\/\/www.youronlinechoices.com\/es\/\" target=\"_blank\" rel=\"noopener\"><b>www.youronlinechoices.com\/es\/<\/b><\/a><\/p>\n<\/div>\n<\/div>\n<p>[\/vc_custom_heading][\/vc_column][\/vc_row][vc_row][vc_column width=&#8220;1\/1&#8243;][vc_empty_space empty_h=&#8220;2&#8243;][\/vc_column][\/vc_row]<\/p>\n<\/div>","protected":false},"excerpt":{"rendered":"<p>[vc_row row_height_percent=&#8220;0&#8243; override_padding=&#8220;yes&#8220; h_padding=&#8220;0&#8243; top_padding=&#8220;3&#8243; bottom_padding=&#8220;0&#8243; overlay_alpha=&#8220;50&#8243; gutter_size=&#8220;3&#8243; column_width_percent=&#8220;100&#8243; shift_y=&#8220;0&#8243; z_index=&#8220;0&#8243; mobile_visibility=&#8220;yes&#8220; content_parallax=&#8220;0&#8243; uncode_shortcode_id=&#8220;203952&#8243;][vc_column width=&#8220;1\/1&#8243;][vc_empty_space empty_h=&#8220;1&#8243;][\/vc_column][\/vc_row][vc_row row_height_percent=&#8220;0&#8243; override_padding=&#8220;yes&#8220; h_padding=&#8220;2&#8243; top_padding=&#8220;3&#8243; [&hellip;]<\/p>\n","protected":false},"author":1,"featured_media":0,"parent":0,"menu_order":0,"comment_status":"closed","ping_status":"closed","template":"","meta":{"footnotes":""},"class_list":["post-146666","page","type-page","status-publish","hentry"],"_links":{"self":[{"href":"https:\/\/market-mindz.com\/de\/index.php\/wp-json\/wp\/v2\/pages\/146666","targetHints":{"allow":["GET"]}}],"collection":[{"href":"https:\/\/market-mindz.com\/de\/index.php\/wp-json\/wp\/v2\/pages"}],"about":[{"href":"https:\/\/market-mindz.com\/de\/index.php\/wp-json\/wp\/v2\/types\/page"}],"author":[{"embeddable":true,"href":"https:\/\/market-mindz.com\/de\/index.php\/wp-json\/wp\/v2\/users\/1"}],"replies":[{"embeddable":true,"href":"https:\/\/market-mindz.com\/de\/index.php\/wp-json\/wp\/v2\/comments?post=146666"}],"version-history":[{"count":7,"href":"https:\/\/market-mindz.com\/de\/index.php\/wp-json\/wp\/v2\/pages\/146666\/revisions"}],"predecessor-version":[{"id":147118,"href":"https:\/\/market-mindz.com\/de\/index.php\/wp-json\/wp\/v2\/pages\/146666\/revisions\/147118"}],"wp:attachment":[{"href":"https:\/\/market-mindz.com\/de\/index.php\/wp-json\/wp\/v2\/media?parent=146666"}],"curies":[{"name":"wp","href":"https:\/\/api.w.org\/{rel}","templated":true}]}}