{"id":145341,"date":"2025-01-24T23:19:17","date_gmt":"2025-01-24T22:19:17","guid":{"rendered":"http:\/\/localhost:8888\/marketmindz\/?page_id=145341"},"modified":"2025-11-29T20:09:52","modified_gmt":"2025-11-29T19:09:52","slug":"adn-agencia-creativa-disruptiva","status":"publish","type":"page","link":"https:\/\/market-mindz.com\/index.php\/adn-agencia-creativa-disruptiva\/","title":{"rendered":"ADN"},"content":{"rendered":"<div class=\"wpb-content-wrapper\"><p>[vc_row unlock_row_content=\u00bbyes\u00bb row_height_percent=\u00bb0&#8243; override_padding=\u00bbyes\u00bb h_padding=\u00bb5&#8243; top_padding=\u00bb4&#8243; bottom_padding=\u00bb6&#8243; overlay_alpha=\u00bb50&#8243; gutter_size=\u00bb3&#8243; column_width_percent=\u00bb100&#8243; shift_y=\u00bb0&#8243; z_index=\u00bb0&#8243; desktop_visibility=\u00bbyes\u00bb medium_visibility=\u00bbyes\u00bb content_parallax=\u00bb0&#8243; uncode_shortcode_id=\u00bb274257&#8243; css=\u00bb.vc_custom_1739811658364{padding-top: 10px !important;}\u00bb][vc_column column_width_percent=\u00bb100&#8243; position_vertical=\u00bbmiddle\u00bb align_horizontal=\u00bbalign_center\u00bb gutter_size=\u00bb3&#8243; style=\u00bbdark\u00bb overlay_alpha=\u00bb50&#8243; shift_x=\u00bb0&#8243; shift_y=\u00bb0&#8243; shift_y_down=\u00bb0&#8243; z_index=\u00bb0&#8243; medium_width=\u00bb0&#8243; mobile_width=\u00bb0&#8243; css_animation=\u00bbalpha-anim\u00bb animation_speed=\u00bb1000&#8243; width=\u00bb1\/1&#8243; uncode_shortcode_id=\u00bb166701&#8243;][vc_custom_heading heading_semantic=\u00bbh1&#8243; text_font=\u00bbfont-846016&#8243; text_size=\u00bbcustom\u00bb text_weight=\u00bb400&#8243; text_height=\u00bbfontheight-179065&#8243; text_stroke=\u00bbyes\u00bb css_animation=\u00bbmarquee\u00bb marquee_clone=\u00bbyes\u00bb marquee_space=\u00bb1&#8243; marquee_speed=\u00bb0&#8243; sticky_trigger=\u00bbyes\u00bb sticky_trigger_option=\u00bbno-height\u00bb uncode_shortcode_id=\u00bb177987&#8243; text_color_type=\u00bbuncode-solid\u00bb text_color_solid=\u00bb#333333&#8243; heading_custom_size=\u00bbclamp(30px,22vw,450px)\u00bb]ADN[\/vc_custom_heading][vc_custom_heading heading_semantic=\u00bbh1&#8243; text_font=\u00bbfont-846016&#8243; text_size=\u00bbcustom\u00bb text_weight=\u00bb400&#8243; text_stroke=\u00bbyes\u00bb css_animation=\u00bbsingle-curtain\u00bb animation_speed=\u00bb2000&#8243; uncode_shortcode_id=\u00bb139422&#8243; heading_custom_size=\u00bbclamp(30px,10vw,450px)\u00bb]ADN[\/vc_custom_heading][\/vc_column][\/vc_row][vc_row unlock_row_content=\u00bbyes\u00bb row_height_percent=\u00bb0&#8243; override_padding=\u00bbyes\u00bb h_padding=\u00bb5&#8243; top_padding=\u00bb4&#8243; bottom_padding=\u00bb6&#8243; overlay_alpha=\u00bb50&#8243; gutter_size=\u00bb3&#8243; column_width_percent=\u00bb100&#8243; shift_y=\u00bb0&#8243; z_index=\u00bb0&#8243; mobile_visibility=\u00bbyes\u00bb content_parallax=\u00bb0&#8243; uncode_shortcode_id=\u00bb200922&#8243;][vc_column column_width_percent=\u00bb100&#8243; position_vertical=\u00bbmiddle\u00bb align_horizontal=\u00bbalign_center\u00bb gutter_size=\u00bb3&#8243; style=\u00bbdark\u00bb overlay_alpha=\u00bb50&#8243; shift_x=\u00bb0&#8243; shift_y=\u00bb0&#8243; shift_y_down=\u00bb0&#8243; z_index=\u00bb0&#8243; medium_width=\u00bb0&#8243; mobile_width=\u00bb0&#8243; css_animation=\u00bbalpha-anim\u00bb animation_speed=\u00bb1000&#8243; width=\u00bb1\/1&#8243; uncode_shortcode_id=\u00bb166701&#8243;][vc_custom_heading heading_semantic=\u00bbh1&#8243; text_font=\u00bbfont-846016&#8243; text_size=\u00bbcustom\u00bb text_weight=\u00bb400&#8243; text_height=\u00bbfontheight-179065&#8243; text_stroke=\u00bbyes\u00bb css_animation=\u00bbmarquee\u00bb marquee_clone=\u00bbyes\u00bb marquee_space=\u00bb1&#8243; marquee_speed=\u00bb0&#8243; sticky_trigger=\u00bbyes\u00bb sticky_trigger_option=\u00bbno-height\u00bb uncode_shortcode_id=\u00bb177987&#8243; text_color_type=\u00bbuncode-solid\u00bb text_color_solid=\u00bb#333333&#8243; heading_custom_size=\u00bbclamp(30px,22vw,450px)\u00bb]ADN[\/vc_custom_heading][vc_custom_heading heading_semantic=\u00bbh1&#8243; text_font=\u00bbfont-846016&#8243; text_size=\u00bbcustom\u00bb text_weight=\u00bb400&#8243; text_stroke=\u00bbyes\u00bb css_animation=\u00bbsingle-curtain\u00bb animation_speed=\u00bb2000&#8243; uncode_shortcode_id=\u00bb139422&#8243; heading_custom_size=\u00bbclamp(30px,10vw,450px)\u00bb]ADN[\/vc_custom_heading][\/vc_column][\/vc_row][vc_row unlock_row_content=\u00bbyes\u00bb row_height_percent=\u00bb0&#8243; override_padding=\u00bbyes\u00bb h_padding=\u00bb7&#8243; top_padding=\u00bb0&#8243; bottom_padding=\u00bb3&#8243; overlay_alpha=\u00bb50&#8243; gutter_size=\u00bb3&#8243; column_width_percent=\u00bb100&#8243; shift_y=\u00bb0&#8243; z_index=\u00bb0&#8243; desktop_visibility=\u00bbyes\u00bb medium_visibility=\u00bbyes\u00bb content_parallax=\u00bb0&#8243; uncode_shortcode_id=\u00bb464990&#8243;][vc_column width=\u00bb1\/1&#8243;][vc_custom_heading text_size=\u00bbcustom\u00bb css_animation=\u00bbtypewriter\u00bb animation_speed=\u00bb2000&#8243; uncode_shortcode_id=\u00bb192495&#8243; heading_custom_size=\u00bb25&#8243;]<span style=\"color: #ffffff;\">No seguimos reglas, las rompemos. Nuestro esencia est\u00e1 hecha de innovaci\u00f3n pura, donde lo tradicional queda atr\u00e1s y lo imposible se convierte en posible. No nos interesa lo que todos hacen, nos interesa lo que nadie se atreve a hacer. Cada estrategia, cada detalle, est\u00e1 dise\u00f1ado para romper moldes, crear impacto y desafiar el status quo. Nos metemos en la piel de tu marca, la entendemos, la transformamos, y la llevamos a un nivel que nunca imaginaste. No estamos aqu\u00ed para seguir tendencias, estamos aqu\u00ed para crearlas.<\/span>[\/vc_custom_heading][uncode_vertical_text text_align=\u00bbtop\u00bb vertical_text_h_pos=\u00bb-3&#8243; vertical_text_v_pos=\u00bb0&#8243; z_index=\u00bb0&#8243; text_color=\u00bbcolor-846875&#8243; uncode_shortcode_id=\u00bb939902&#8243; text_color_type=\u00bbuncode-palette\u00bb]Marketmindz[\/uncode_vertical_text][\/vc_column][\/vc_row][vc_row unlock_row_content=\u00bbyes\u00bb row_height_percent=\u00bb0&#8243; override_padding=\u00bbyes\u00bb h_padding=\u00bb7&#8243; top_padding=\u00bb3&#8243; bottom_padding=\u00bb3&#8243; overlay_alpha=\u00bb50&#8243; gutter_size=\u00bb3&#8243; column_width_percent=\u00bb100&#8243; shift_y=\u00bb0&#8243; z_index=\u00bb0&#8243; mobile_visibility=\u00bbyes\u00bb content_parallax=\u00bb0&#8243; uncode_shortcode_id=\u00bb528251&#8243;][vc_column width=\u00bb1\/1&#8243;][vc_custom_heading text_size=\u00bbfontsize-155944&#8243; css_animation=\u00bbtypewriter\u00bb animation_speed=\u00bb2000&#8243; uncode_shortcode_id=\u00bb211139&#8243;]<span style=\"color: #ffffff;\">No seguimos reglas, las rompemos. Nuestro esencia est\u00e1 hecha de innovaci\u00f3n pura, donde lo tradicional queda atr\u00e1s y lo imposible se convierte en posible. No nos interesa lo que todos hacen, nos interesa lo que nadie se atreve a hacer. Cada estrategia, cada detalle, est\u00e1 dise\u00f1ado para romper moldes, crear impacto y desafiar el status quo. Nos metemos en la piel de tu marca, la entendemos, la transformamos, y la llevamos a un nivel que nunca imaginaste. No estamos aqu\u00ed para seguir tendencias, estamos aqu\u00ed para crearlas.<\/span>[\/vc_custom_heading][uncode_vertical_text text_align=\u00bbtop\u00bb vertical_text_h_pos=\u00bb-3&#8243; vertical_text_v_pos=\u00bb0&#8243; z_index=\u00bb0&#8243; text_color=\u00bbcolor-846875&#8243; uncode_shortcode_id=\u00bb939902&#8243; text_color_type=\u00bbuncode-palette\u00bb]Marketmindz[\/uncode_vertical_text][\/vc_column][\/vc_row][vc_row unlock_row_content=\u00bbyes\u00bb row_height_percent=\u00bb0&#8243; override_padding=\u00bbyes\u00bb h_padding=\u00bb0&#8243; top_padding=\u00bb1&#8243; bottom_padding=\u00bb0&#8243; overlay_alpha=\u00bb50&#8243; gutter_size=\u00bb3&#8243; column_width_percent=\u00bb100&#8243; preserve_border=\u00bbyes\u00bb preserve_border_tablet=\u00bbyes\u00bb preserve_border_mobile=\u00bbyes\u00bb border_color=\u00bbcolor-846875&#8243; border_style=\u00bbsolid\u00bb shift_y=\u00bb0&#8243; z_index=\u00bb0&#8243; desktop_visibility=\u00bbyes\u00bb medium_visibility=\u00bbyes\u00bb content_parallax=\u00bb0&#8243; uncode_shortcode_id=\u00bb183738&#8243; css=\u00bb.vc_custom_1739796989057{border-right-width: 1px !important;border-left-width: 1px !important;padding-right: 5px !important;padding-left: 5px !important;}\u00bb border_color_type=\u00bbuncode-palette\u00bb][vc_column column_width_percent=\u00bb100&#8243; align_horizontal=\u00bbalign_center\u00bb gutter_size=\u00bb2&#8243; override_padding=\u00bbyes\u00bb column_padding=\u00bb2&#8243; overlay_alpha=\u00bb50&#8243; radius=\u00bbstd\u00bb border_color=\u00bbcolor-846875&#8243; border_style=\u00bbsolid\u00bb shift_x=\u00bb0&#8243; shift_y=\u00bb0&#8243; shift_y_down=\u00bb0&#8243; z_index=\u00bb0&#8243; medium_width=\u00bb0&#8243; mobile_width=\u00bb0&#8243; width=\u00bb1\/1&#8243; uncode_shortcode_id=\u00bb696886&#8243; border_color_type=\u00bbuncode-palette\u00bb css=\u00bb.vc_custom_1739791279103{border-right-width: 1px !important;border-left-width: 1px !important;}\u00bb back_color_type=\u00bbuncode-solid\u00bb back_color_solid=\u00bb#0d0d0d\u00bb][vc_row_inner limit_content=\u00bb\u00bb][vc_column_inner column_width_percent=\u00bb100&#8243; align_horizontal=\u00bbalign_center\u00bb gutter_size=\u00bb1&#8243; overlay_alpha=\u00bb50&#8243; shift_x=\u00bb0&#8243; shift_y=\u00bb0&#8243; shift_y_down=\u00bb0&#8243; z_index=\u00bb0&#8243; medium_width=\u00bb0&#8243; mobile_width=\u00bb0&#8243; width=\u00bb1\/1&#8243; uncode_shortcode_id=\u00bb373630&#8243;][vc_custom_heading text_color=\u00bbcolor-846875&#8243; text_size=\u00bbcustom\u00bb css_animation=\u00bbcurtain-words\u00bb uncode_shortcode_id=\u00bb183771&#8243; text_color_type=\u00bbuncode-palette\u00bb heading_custom_size=\u00bb40&#8243;]\u00bfTe gusta la ADN de Marketmindz?[\/vc_custom_heading][vc_custom_heading text_color=\u00bbcolor-241336&#8243; text_size=\u00bbcustom\u00bb uncode_shortcode_id=\u00bb485648&#8243; text_color_type=\u00bbuncode-palette\u00bb heading_custom_size=\u00bb15&#8243;]No dudes en contactarnos, juntos hacemos algo grande.[\/vc_custom_heading][vc_empty_space empty_h=\u00bb2&#8243;][\/vc_column_inner][\/vc_row_inner][vc_row_inner limit_content=\u00bb\u00bb][vc_column_inner column_width_percent=\u00bb100&#8243; align_horizontal=\u00bbalign_center\u00bb gutter_size=\u00bb1&#8243; overlay_alpha=\u00bb50&#8243; shift_x=\u00bb0&#8243; shift_y=\u00bb0&#8243; shift_y_down=\u00bb0&#8243; z_index=\u00bb0&#8243; medium_width=\u00bb0&#8243; mobile_width=\u00bb0&#8243; width=\u00bb1\/1&#8243; uncode_shortcode_id=\u00bb782313&#8243;][vc_icon position=\u00bbleft\u00bb space_reduced=\u00bbyes\u00bb icon=\u00bbfa fa-phone-handset\u00bb icon_color=\u00bbcolor-241336&#8243; heading_semantic=\u00bbh1&#8243; text_font=\u00bbfont-846016&#8243; text_size=\u00bbh1&#8243; text_lead=\u00bbsmall\u00bb uncode_shortcode_id=\u00bb505755&#8243; icon_color_type=\u00bbuncode-palette\u00bb]<\/p>\n<h4 style=\"text-align: left;\" data-rm-block-id=\"block-2\"><span style=\"color: #ffffff;\">+1\u00a0(954)\u00a0736\u20119818<\/span><\/h4>\n<p data-rm-block-id=\"block-3\">[\/vc_icon][vc_icon position=\u00bbleft\u00bb space_reduced=\u00bbyes\u00bb icon=\u00bbfa fa-whatsapp\u00bb icon_color=\u00bbcolor-241336&#8243; heading_semantic=\u00bbh2&#8243; text_font=\u00bbfont-846016&#8243; text_size=\u00bbh1&#8243; text_lead=\u00bbsmall\u00bb uncode_shortcode_id=\u00bb170343&#8243; icon_color_type=\u00bbuncode-palette\u00bb]<\/p>\n<h4 style=\"text-align: left;\" data-rm-block-id=\"block-4\"><span style=\"color: #ffffff;\">+1\u00a0(954)\u00a0736\u20119818<\/span><\/h4>\n<p data-rm-block-id=\"block-5\">[\/vc_icon][vc_icon position=\u00bbleft\u00bb space_reduced=\u00bbyes\u00bb icon=\u00bbfa fa-envelope3&#8243; icon_color=\u00bbcolor-241336&#8243; heading_semantic=\u00bbh2&#8243; text_font=\u00bbfont-846016&#8243; text_size=\u00bbh1&#8243; text_lead=\u00bbsmall\u00bb uncode_shortcode_id=\u00bb433795&#8243; icon_color_type=\u00bbuncode-palette\u00bb]<\/p>\n<h4 style=\"text-align: left;\" data-rm-block-id=\"block-6\"><a href=\"mailto:hello@market-mindz.com\"><span style=\"color: #ffffff;\">hello@market-mindz.com<\/span><\/a><\/h4>\n<p data-rm-block-id=\"block-7\">[\/vc_icon][vc_empty_space empty_h=\u00bb2&#8243;][vc_button button_color=\u00bbcolor-846875&#8243; size=\u00bbbtn-lg\u00bb border_width=\u00bb0&#8243; button_color_type=\u00bbuncode-palette\u00bb uncode_shortcode_id=\u00bb156122&#8243; link=\u00bburl:https%3A%2F%2Fc8687ddb37df.quillforms.app%2Fforms%2Fformulario-marketmindz\u00bb]\u00a1Solicitar cotizaci\u00f3n![\/vc_button][\/vc_column_inner][\/vc_row_inner][vc_empty_space empty_h=\u00bb1&#8243;][\/vc_column][\/vc_row][vc_row unlock_row_content=\u00bbyes\u00bb row_height_percent=\u00bb0&#8243; overlay_alpha=\u00bb50&#8243; gutter_size=\u00bb3&#8243; column_width_percent=\u00bb100&#8243; shift_y=\u00bb0&#8243; z_index=\u00bb0&#8243; mobile_visibility=\u00bbyes\u00bb content_parallax=\u00bb0&#8243; uncode_shortcode_id=\u00bb198623&#8243;][vc_column column_width_percent=\u00bb100&#8243; gutter_size=\u00bb3&#8243; overlay_alpha=\u00bb50&#8243; radius=\u00bbstd\u00bb border_color=\u00bbcolor-846875&#8243; border_style=\u00bbsolid\u00bb shift_x=\u00bb0&#8243; shift_y=\u00bb0&#8243; shift_y_down=\u00bb0&#8243; z_index=\u00bb0&#8243; medium_width=\u00bb0&#8243; mobile_width=\u00bb0&#8243; width=\u00bb1\/1&#8243; uncode_shortcode_id=\u00bb337292&#8243; border_color_type=\u00bbuncode-palette\u00bb css=\u00bb.vc_custom_1739369161881{border-right-width: 1px !important;border-left-width: 1px !important;}\u00bb back_color_type=\u00bbuncode-solid\u00bb back_color_solid=\u00bb#0d0d0d\u00bb][vc_empty_space empty_h=\u00bb2&#8243;][vc_row_inner limit_content=\u00bb\u00bb][vc_column_inner column_width_percent=\u00bb100&#8243; align_horizontal=\u00bbalign_center\u00bb gutter_size=\u00bb1&#8243; overlay_alpha=\u00bb50&#8243; shift_x=\u00bb0&#8243; shift_y=\u00bb0&#8243; shift_y_down=\u00bb0&#8243; z_index=\u00bb0&#8243; medium_width=\u00bb0&#8243; mobile_width=\u00bb0&#8243; width=\u00bb1\/1&#8243; uncode_shortcode_id=\u00bb143632&#8243; css=\u00bb.vc_custom_1737660690381{padding-left: 40px !important;}\u00bb][vc_custom_heading text_color=\u00bbcolor-846875&#8243; text_size=\u00bbcustom\u00bb css_animation=\u00bbcurtain-words\u00bb uncode_shortcode_id=\u00bb622256&#8243; text_color_type=\u00bbuncode-palette\u00bb heading_custom_size=\u00bb50&#8243;]\u00bfTe gusta la ADN de Marketmindz?[\/vc_custom_heading][vc_custom_heading text_color=\u00bbcolor-241336&#8243; text_size=\u00bbcustom\u00bb uncode_shortcode_id=\u00bb452662&#8243; text_color_type=\u00bbuncode-palette\u00bb heading_custom_size=\u00bb30&#8243;]No dudes en contactarnos, juntos hacemos algo grande.[\/vc_custom_heading][vc_empty_space empty_h=\u00bb2&#8243;][\/vc_column_inner][\/vc_row_inner][vc_row_inner limit_content=\u00bb\u00bb][vc_column_inner column_width_percent=\u00bb100&#8243; gutter_size=\u00bb1&#8243; overlay_alpha=\u00bb50&#8243; shift_x=\u00bb0&#8243; shift_y=\u00bb0&#8243; shift_y_down=\u00bb0&#8243; z_index=\u00bb0&#8243; medium_width=\u00bb0&#8243; mobile_width=\u00bb0&#8243; width=\u00bb1\/3&#8243; uncode_shortcode_id=\u00bb185495&#8243; css=\u00bb.vc_custom_1737660904452{padding-left: 40px !important;}\u00bb][\/vc_column_inner][vc_column_inner column_width_percent=\u00bb100&#8243; gutter_size=\u00bb0&#8243; overlay_alpha=\u00bb50&#8243; shift_x=\u00bb0&#8243; shift_y=\u00bb0&#8243; shift_y_down=\u00bb0&#8243; z_index=\u00bb0&#8243; medium_width=\u00bb0&#8243; mobile_width=\u00bb0&#8243; width=\u00bb2\/3&#8243; uncode_shortcode_id=\u00bb191984&#8243;][vc_icon position=\u00bbleft\u00bb space_reduced=\u00bbyes\u00bb icon=\u00bbfa fa-phone-handset\u00bb icon_color=\u00bbcolor-241336&#8243; size=\u00bbfa-2x\u00bb heading_semantic=\u00bbh1&#8243; text_font=\u00bbfont-846016&#8243; text_size=\u00bbh1&#8243; text_lead=\u00bbyes\u00bb uncode_shortcode_id=\u00bb713546&#8243; icon_color_type=\u00bbuncode-palette\u00bb]<\/p>\n<h2 data-rm-block-id=\"block-8\"><span style=\"color: #ffffff;\">+1\u00a0(954)\u00a0736\u20119818<\/span><\/h2>\n<p data-rm-block-id=\"block-9\">[\/vc_icon][vc_icon position=\u00bbleft\u00bb space_reduced=\u00bbyes\u00bb icon=\u00bbfa fa-whatsapp\u00bb icon_color=\u00bbcolor-241336&#8243; size=\u00bbfa-2x\u00bb heading_semantic=\u00bbh2&#8243; text_font=\u00bbfont-846016&#8243; text_size=\u00bbh1&#8243; text_lead=\u00bbyes\u00bb uncode_shortcode_id=\u00bb878907&#8243; icon_color_type=\u00bbuncode-palette\u00bb]<\/p>\n<h2 data-rm-block-id=\"block-10\"><span style=\"color: #ffffff;\">+1\u00a0(954)\u00a0736\u20119818<\/span><\/h2>\n<p data-rm-block-id=\"block-11\">[\/vc_icon][vc_icon position=\u00bbleft\u00bb space_reduced=\u00bbyes\u00bb icon=\u00bbfa fa-envelope3&#8243; icon_color=\u00bbcolor-241336&#8243; size=\u00bbfa-2x\u00bb heading_semantic=\u00bbh2&#8243; text_font=\u00bbfont-846016&#8243; text_size=\u00bbh1&#8243; text_lead=\u00bbyes\u00bb uncode_shortcode_id=\u00bb167265&#8243; icon_color_type=\u00bbuncode-palette\u00bb]<\/p>\n<h1 data-rm-block-id=\"block-12\"><a href=\"mailto:hello@market-mindz.com\"><span style=\"color: #ffffff;\">hello@market-mindz.com<\/span><\/a><\/h1>\n<p data-rm-block-id=\"block-13\">[\/vc_icon][vc_empty_space empty_h=\u00bb2&#8243;][vc_button button_color=\u00bbcolor-846875&#8243; border_width=\u00bb0&#8243; button_color_type=\u00bbuncode-palette\u00bb uncode_shortcode_id=\u00bb654035&#8243; link=\u00bburl:https%3A%2F%2Fc8687ddb37df.quillforms.app%2Fforms%2Fformulario-marketmindz\u00bb]\u00a1Solicitar cotizaci\u00f3n![\/vc_button][\/vc_column_inner][\/vc_row_inner][vc_empty_space empty_h=\u00bb3&#8243;][\/vc_column][\/vc_row][vc_row row_height_percent=\u00bb0&#8243; overlay_alpha=\u00bb50&#8243; gutter_size=\u00bb3&#8243; column_width_percent=\u00bb100&#8243; shift_y=\u00bb0&#8243; z_index=\u00bb0&#8243; mobile_visibility=\u00bbyes\u00bb content_parallax=\u00bb0&#8243; uncode_shortcode_id=\u00bb507521&#8243;][vc_column width=\u00bb1\/1&#8243;][vc_empty_space empty_h=\u00bb2&#8243;][\/vc_column][\/vc_row][vc_row row_height_percent=\u00bb50&#8243; override_padding=\u00bbyes\u00bb h_padding=\u00bb0&#8243; top_padding=\u00bb2&#8243; bottom_padding=\u00bb2&#8243; back_color=\u00bbcolor-846875&#8243; overlay_alpha=\u00bb50&#8243; gutter_size=\u00bb3&#8243; column_width_percent=\u00bb100&#8243; border_color=\u00bbcolor-jevc\u00bb border_style=\u00bbsolid\u00bb shift_y=\u00bb0&#8243; z_index=\u00bb0&#8243; desktop_visibility=\u00bbyes\u00bb medium_visibility=\u00bbyes\u00bb content_parallax=\u00bb0&#8243; uncode_shortcode_id=\u00bb177305&#8243; back_color_type=\u00bbuncode-palette\u00bb border_color_type=\u00bbuncode-palette\u00bb css=\u00bb.vc_custom_1739792310733{padding-right: 10px !important;padding-left: 10px !important;}\u00bb][vc_column column_width_use_pixel=\u00bbyes\u00bb position_vertical=\u00bbmiddle\u00bb align_horizontal=\u00bbalign_center\u00bb gutter_size=\u00bb3&#8243; overlay_alpha=\u00bb50&#8243; shift_x=\u00bb0&#8243; shift_y=\u00bb0&#8243; shift_y_down=\u00bb0&#8243; z_index=\u00bb0&#8243; medium_width=\u00bb0&#8243; mobile_width=\u00bb0&#8243; width=\u00bb1\/1&#8243; column_width_pixel=\u00bb900&#8243; uncode_shortcode_id=\u00bb181711&#8243;][vc_custom_heading text_color=\u00bbcolor-929084&#8243; heading_semantic=\u00bbh6&#8243; text_size=\u00bbfontsize-160000&#8243; text_transform=\u00bbuppercase\u00bb text_space=\u00bbfontspace-135905&#8243; uncode_shortcode_id=\u00bb145128&#8243; text_color_type=\u00bbuncode-palette\u00bb]Newsletter[\/vc_custom_heading][vc_custom_heading text_size=\u00bbcustom\u00bb uncode_shortcode_id=\u00bb834051&#8243; heading_custom_size=\u00bb25&#8243;]No te pierdas ninguna actualizaci\u00f3n. \u00danete a nuestra comunidad y mantente informado.[\/vc_custom_heading][vc_row_inner limit_content=\u00bb\u00bb][vc_column_inner column_width_use_pixel=\u00bbyes\u00bb align_horizontal=\u00bbalign_center\u00bb gutter_size=\u00bb0&#8243; overlay_alpha=\u00bb50&#8243; shift_x=\u00bb0&#8243; shift_y=\u00bb0&#8243; shift_y_down=\u00bb0&#8243; z_index=\u00bb0&#8243; medium_width=\u00bb0&#8243; mobile_width=\u00bb0&#8243; width=\u00bb1\/1&#8243; column_width_pixel=\u00bb400&#8243;][vc_button border_width=\u00bb0&#8243; uncode_shortcode_id=\u00bb116788&#8243; link=\u00bburl:https%3A%2F%2Fc8687ddb37df.quillforms.app%2Fforms%2Fmarketmindz-copy\u00bb]Si, quiero m\u00e1s informaci\u00f3n por email[\/vc_button][\/vc_column_inner][\/vc_row_inner][\/vc_column][\/vc_row][vc_row row_height_percent=\u00bb50&#8243; override_padding=\u00bbyes\u00bb h_padding=\u00bb0&#8243; top_padding=\u00bb2&#8243; bottom_padding=\u00bb2&#8243; back_color=\u00bbcolor-846875&#8243; overlay_alpha=\u00bb50&#8243; gutter_size=\u00bb3&#8243; column_width_percent=\u00bb100&#8243; border_color=\u00bbcolor-jevc\u00bb border_style=\u00bbsolid\u00bb shift_y=\u00bb0&#8243; z_index=\u00bb0&#8243; mobile_visibility=\u00bbyes\u00bb content_parallax=\u00bb0&#8243; uncode_shortcode_id=\u00bb135457&#8243; back_color_type=\u00bbuncode-palette\u00bb border_color_type=\u00bbuncode-palette\u00bb css=\u00bb.vc_custom_1739811883113{border-right-width: 30px !important;border-left-width: 30px !important;}\u00bb][vc_column column_width_use_pixel=\u00bbyes\u00bb position_vertical=\u00bbmiddle\u00bb align_horizontal=\u00bbalign_center\u00bb gutter_size=\u00bb3&#8243; overlay_alpha=\u00bb50&#8243; shift_x=\u00bb0&#8243; shift_y=\u00bb0&#8243; shift_y_down=\u00bb0&#8243; z_index=\u00bb0&#8243; medium_width=\u00bb0&#8243; mobile_width=\u00bb0&#8243; width=\u00bb1\/1&#8243; column_width_pixel=\u00bb900&#8243; uncode_shortcode_id=\u00bb181711&#8243;][vc_custom_heading text_color=\u00bbcolor-929084&#8243; heading_semantic=\u00bbh6&#8243; text_size=\u00bbfontsize-160000&#8243; text_transform=\u00bbuppercase\u00bb text_space=\u00bbfontspace-135905&#8243; uncode_shortcode_id=\u00bb145128&#8243; text_color_type=\u00bbuncode-palette\u00bb]Newsletter[\/vc_custom_heading][vc_custom_heading heading_semantic=\u00bbh3&#8243; text_size=\u00bbfontsize-155944&#8243; uncode_shortcode_id=\u00bb182564&#8243;]No te pierdas ninguna actualizaci\u00f3n. \u00danete a nuestra comunidad y mantente informado.[\/vc_custom_heading][vc_row_inner limit_content=\u00bb\u00bb][vc_column_inner column_width_use_pixel=\u00bbyes\u00bb align_horizontal=\u00bbalign_center\u00bb gutter_size=\u00bb0&#8243; overlay_alpha=\u00bb50&#8243; shift_x=\u00bb0&#8243; shift_y=\u00bb0&#8243; shift_y_down=\u00bb0&#8243; z_index=\u00bb0&#8243; medium_width=\u00bb0&#8243; mobile_width=\u00bb0&#8243; width=\u00bb1\/1&#8243; column_width_pixel=\u00bb400&#8243;][vc_button border_width=\u00bb0&#8243; uncode_shortcode_id=\u00bb212908&#8243; link=\u00bburl:https%3A%2F%2Fc8687ddb37df.quillforms.app%2Fforms%2Fmarketmindz-copy\u00bb]Si, quiero m\u00e1s informaci\u00f3n por email[\/vc_button][\/vc_column_inner][\/vc_row_inner][\/vc_column][\/vc_row]<\/p>\n<\/div>","protected":false},"excerpt":{"rendered":"<p>[vc_row unlock_row_content=\u00bbyes\u00bb row_height_percent=\u00bb0&#8243; override_padding=\u00bbyes\u00bb h_padding=\u00bb5&#8243; top_padding=\u00bb4&#8243; bottom_padding=\u00bb6&#8243; overlay_alpha=\u00bb50&#8243; gutter_size=\u00bb3&#8243; column_width_percent=\u00bb100&#8243; shift_y=\u00bb0&#8243; z_index=\u00bb0&#8243; desktop_visibility=\u00bbyes\u00bb medium_visibility=\u00bbyes\u00bb content_parallax=\u00bb0&#8243; uncode_shortcode_id=\u00bb274257&#8243; css=\u00bb.vc_custom_1739811658364{padding-top: 10px !important;}\u00bb][vc_column column_width_percent=\u00bb100&#8243; [&hellip;]<\/p>\n","protected":false},"author":1,"featured_media":0,"parent":0,"menu_order":0,"comment_status":"closed","ping_status":"closed","template":"","meta":{"footnotes":""},"class_list":["post-145341","page","type-page","status-publish","hentry"],"_links":{"self":[{"href":"https:\/\/market-mindz.com\/index.php\/wp-json\/wp\/v2\/pages\/145341","targetHints":{"allow":["GET"]}}],"collection":[{"href":"https:\/\/market-mindz.com\/index.php\/wp-json\/wp\/v2\/pages"}],"about":[{"href":"https:\/\/market-mindz.com\/index.php\/wp-json\/wp\/v2\/types\/page"}],"author":[{"embeddable":true,"href":"https:\/\/market-mindz.com\/index.php\/wp-json\/wp\/v2\/users\/1"}],"replies":[{"embeddable":true,"href":"https:\/\/market-mindz.com\/index.php\/wp-json\/wp\/v2\/comments?post=145341"}],"version-history":[{"count":10,"href":"https:\/\/market-mindz.com\/index.php\/wp-json\/wp\/v2\/pages\/145341\/revisions"}],"predecessor-version":[{"id":156484,"href":"https:\/\/market-mindz.com\/index.php\/wp-json\/wp\/v2\/pages\/145341\/revisions\/156484"}],"wp:attachment":[{"href":"https:\/\/market-mindz.com\/index.php\/wp-json\/wp\/v2\/media?parent=145341"}],"curies":[{"name":"wp","href":"https:\/\/api.w.org\/{rel}","templated":true}]}}