{"id":147130,"date":"2025-01-24T23:19:17","date_gmt":"2025-01-24T22:19:17","guid":{"rendered":"https:\/\/market-mindz.com\/index.php\/dna\/"},"modified":"2025-02-21T22:22:58","modified_gmt":"2025-02-21T21:22:58","slug":"dna","status":"publish","type":"page","link":"https:\/\/market-mindz.com\/pt-br\/index.php\/dna\/","title":{"rendered":"DNA"},"content":{"rendered":"<div class=\"wpb-content-wrapper\"><p>[vc_row unlock_row_content=&#8221;yes&#8221; row_height_percent=&#8221;0&#8243; override_padding=&#8221;yes&#8221; h_padding=&#8221;5&#8243; top_padding=&#8221;4&#8243; bottom_padding=&#8221;6&#8243; overlay_alpha=&#8221;50&#8243; gutter_size=&#8221;3&#8243; column_width_percent=&#8221;100&#8243; shift_y=&#8221;0&#8243; z_index=&#8221;0&#8243; desktop_visibility=&#8221;yes&#8221; medium_visibility=&#8221;yes&#8221; content_parallax=&#8221;0&#8243; uncode_shortcode_id=&#8221;274257&#8243; css=&#8221;.vc_custom_1739811658364{padding-top: 10px !important;}&#8221;][vc_column column_width_percent=&#8221;100&#8243; position_vertical=&#8221;middle&#8221; align_horizontal=&#8221;align_center&#8221; gutter_size=&#8221;3&#8243; style=&#8221;dark&#8221; overlay_alpha=&#8221;50&#8243; shift_x=&#8221;0&#8243; shift_y=&#8221;0&#8243; shift_y_down=&#8221;0&#8243; z_index=&#8221;0&#8243; medium_width=&#8221;0&#8243; mobile_width=&#8221;0&#8243; css_animation=&#8221;alpha-anim&#8221; animation_speed=&#8221;1000&#8243; width=&#8221;1\/1&#8243; uncode_shortcode_id=&#8221;166701&#8243;][vc_custom_heading heading_semantic=&#8221;h1&#8243; text_font=&#8221;font-846016&#8243; text_size=&#8221;custom&#8221; text_weight=&#8221;400&#8243; text_height=&#8221;fontheight-179065&#8243; text_stroke=&#8221;yes&#8221; css_animation=&#8221;marquee&#8221; marquee_clone=&#8221;yes&#8221; marquee_space=&#8221;1&#8243; marquee_speed=&#8221;0&#8243; sticky_trigger=&#8221;yes&#8221; sticky_trigger_option=&#8221;no-height&#8221; uncode_shortcode_id=&#8221;177987&#8243; text_color_type=&#8221;uncode-solid&#8221; text_color_solid=&#8221;#333333&#8243; heading_custom_size=&#8221;clamp(30px,22vw,450px)&#8221;]DNA[\/vc_custom_heading][vc_custom_heading heading_semantic=&#8221;h1&#8243; text_font=&#8221;font-846016&#8243; text_size=&#8221;custom&#8221; text_weight=&#8221;400&#8243; text_stroke=&#8221;yes&#8221; css_animation=&#8221;single-curtain&#8221; animation_speed=&#8221;2000&#8243; uncode_shortcode_id=&#8221;139422&#8243; heading_custom_size=&#8221;clamp(30px,10vw,450px)&#8221;]DNA[\/vc_custom_heading][\/vc_column][\/vc_row][vc_row unlock_row_content=&#8221;yes&#8221; row_height_percent=&#8221;0&#8243; override_padding=&#8221;yes&#8221; h_padding=&#8221;5&#8243; top_padding=&#8221;4&#8243; bottom_padding=&#8221;6&#8243; overlay_alpha=&#8221;50&#8243; gutter_size=&#8221;3&#8243; column_width_percent=&#8221;100&#8243; shift_y=&#8221;0&#8243; z_index=&#8221;0&#8243; mobile_visibility=&#8221;yes&#8221; content_parallax=&#8221;0&#8243; uncode_shortcode_id=&#8221;200922&#8243;][vc_column column_width_percent=&#8221;100&#8243; position_vertical=&#8221;middle&#8221; align_horizontal=&#8221;align_center&#8221; gutter_size=&#8221;3&#8243; style=&#8221;dark&#8221; overlay_alpha=&#8221;50&#8243; shift_x=&#8221;0&#8243; shift_y=&#8221;0&#8243; shift_y_down=&#8221;0&#8243; z_index=&#8221;0&#8243; medium_width=&#8221;0&#8243; mobile_width=&#8221;0&#8243; css_animation=&#8221;alpha-anim&#8221; animation_speed=&#8221;1000&#8243; width=&#8221;1\/1&#8243; uncode_shortcode_id=&#8221;166701&#8243;][vc_custom_heading heading_semantic=&#8221;h1&#8243; text_font=&#8221;font-846016&#8243; text_size=&#8221;custom&#8221; text_weight=&#8221;400&#8243; text_height=&#8221;fontheight-179065&#8243; text_stroke=&#8221;yes&#8221; css_animation=&#8221;marquee&#8221; marquee_clone=&#8221;yes&#8221; marquee_space=&#8221;1&#8243; marquee_speed=&#8221;0&#8243; sticky_trigger=&#8221;yes&#8221; sticky_trigger_option=&#8221;no-height&#8221; uncode_shortcode_id=&#8221;177987&#8243; text_color_type=&#8221;uncode-solid&#8221; text_color_solid=&#8221;#333333&#8243; heading_custom_size=&#8221;clamp(30px,22vw,450px)&#8221;]DNA[\/vc_custom_heading][vc_custom_heading heading_semantic=&#8221;h1&#8243; text_font=&#8221;font-846016&#8243; text_size=&#8221;custom&#8221; text_weight=&#8221;400&#8243; text_stroke=&#8221;yes&#8221; css_animation=&#8221;single-curtain&#8221; animation_speed=&#8221;2000&#8243; uncode_shortcode_id=&#8221;139422&#8243; heading_custom_size=&#8221;clamp(30px,10vw,450px)&#8221;]DNA[\/vc_custom_heading][\/vc_column][\/vc_row][vc_row unlock_row_content=&#8221;yes&#8221; row_height_percent=&#8221;0&#8243; override_padding=&#8221;yes&#8221; h_padding=&#8221;7&#8243; top_padding=&#8221;0&#8243; bottom_padding=&#8221;3&#8243; overlay_alpha=&#8221;50&#8243; gutter_size=&#8221;3&#8243; column_width_percent=&#8221;100&#8243; shift_y=&#8221;0&#8243; z_index=&#8221;0&#8243; desktop_visibility=&#8221;yes&#8221; medium_visibility=&#8221;yes&#8221; content_parallax=&#8221;0&#8243; uncode_shortcode_id=&#8221;464990&#8243;][vc_column width=&#8221;1\/1&#8243;][vc_custom_heading text_size=&#8221;custom&#8221; css_animation=&#8221;typewriter&#8221; animation_speed=&#8221;2000&#8243; uncode_shortcode_id=&#8221;379411&#8243; heading_custom_size=&#8221;25&#8243;]<span style=\"color: #ffffff;\">N\u00e3o seguimos regras, n\u00f3s as quebramos. Nossa ess\u00eancia \u00e9 feita de pura inova\u00e7\u00e3o, onde o tradicional \u00e9 deixado para tr\u00e1s e o imposs\u00edvel se torna poss\u00edvel. N\u00e3o estamos interessados no que todo mundo est\u00e1 fazendo, estamos interessados no que ningu\u00e9m mais ousa fazer. Cada estrat\u00e9gia, cada detalhe, \u00e9 projetado para quebrar o molde, criar impacto e desafiar o status quo. N\u00f3s entramos na pele da sua marca, a entendemos, a transformamos e a levamos a um n\u00edvel que voc\u00ea nunca imaginou. N\u00e3o estamos aqui para seguir tend\u00eancias, estamos aqui para cri\u00e1-las. <\/span>[\/vc_custom_heading][uncode_vertical_text text_align=&#8221;top&#8221; vertical_text_h_pos=&#8221;-3&#8243; vertical_text_v_pos=&#8221;0&#8243; z_index=&#8221;0&#8243; text_color=&#8221;color-846875&#8243; uncode_shortcode_id=&#8221;939902&#8243; text_color_type=&#8221;uncode-palette&#8221;]Marketmindz[\/uncode_vertical_text][\/vc_column][\/vc_row][vc_row unlock_row_content=&#8221;yes&#8221; row_height_percent=&#8221;0&#8243; override_padding=&#8221;yes&#8221; h_padding=&#8221;7&#8243; top_padding=&#8221;3&#8243; bottom_padding=&#8221;3&#8243; overlay_alpha=&#8221;50&#8243; gutter_size=&#8221;3&#8243; column_width_percent=&#8221;100&#8243; shift_y=&#8221;0&#8243; z_index=&#8221;0&#8243; mobile_visibility=&#8221;yes&#8221; content_parallax=&#8221;0&#8243; uncode_shortcode_id=&#8221;528251&#8243;][vc_column width=&#8221;1\/1&#8243;][vc_custom_heading text_size=&#8221;fontsize-155944&#8243; css_animation=&#8221;typewriter&#8221; animation_speed=&#8221;2000&#8243; uncode_shortcode_id=&#8221;243524&#8243;]<span style=\"color: #ffffff;\">N\u00e3o seguimos regras, n\u00f3s as quebramos. Nossa ess\u00eancia \u00e9 feita de pura inova\u00e7\u00e3o, onde o tradicional \u00e9 deixado para tr\u00e1s e o imposs\u00edvel se torna poss\u00edvel. N\u00e3o estamos interessados no que todo mundo est\u00e1 fazendo, estamos interessados no que ningu\u00e9m mais ousa fazer. Cada estrat\u00e9gia, cada detalhe, \u00e9 projetado para quebrar o molde, criar impacto e desafiar o status quo. N\u00f3s entramos na pele da sua marca, a entendemos, a transformamos e a levamos a um n\u00edvel que voc\u00ea nunca imaginou. N\u00e3o estamos aqui para seguir tend\u00eancias, estamos aqui para cri\u00e1-las. <\/span>[\/vc_custom_heading][uncode_vertical_text text_align=&#8221;top&#8221; vertical_text_h_pos=&#8221;-3&#8243; vertical_text_v_pos=&#8221;0&#8243; z_index=&#8221;0&#8243; text_color=&#8221;color-846875&#8243; uncode_shortcode_id=&#8221;939902&#8243; text_color_type=&#8221;uncode-palette&#8221;]Marketmindz[\/uncode_vertical_text][\/vc_column][\/vc_row][vc_row unlock_row_content=&#8221;yes&#8221; row_height_percent=&#8221;0&#8243; override_padding=&#8221;yes&#8221; h_padding=&#8221;0&#8243; top_padding=&#8221;1&#8243; bottom_padding=&#8221;0&#8243; overlay_alpha=&#8221;50&#8243; gutter_size=&#8221;3&#8243; column_width_percent=&#8221;100&#8243; preserve_border=&#8221;yes&#8221; preserve_border_tablet=&#8221;yes&#8221; preserve_border_mobile=&#8221;yes&#8221; border_color=&#8221;color-846875&#8243; border_style=&#8221;solid&#8221; shift_y=&#8221;0&#8243; z_index=&#8221;0&#8243; desktop_visibility=&#8221;yes&#8221; medium_visibility=&#8221;yes&#8221; content_parallax=&#8221;0&#8243; uncode_shortcode_id=&#8221;183738&#8243; css=&#8221;.vc_custom_1739796989057{border-right-width: 1px !important;border-left-width: 1px !important;padding-right: 5px !important;padding-left: 5px !important;}&#8221; border_color_type=&#8221;uncode-palette&#8221;][vc_column column_width_percent=&#8221;100&#8243; align_horizontal=&#8221;align_center&#8221; gutter_size=&#8221;2&#8243; override_padding=&#8221;yes&#8221; column_padding=&#8221;2&#8243; overlay_alpha=&#8221;50&#8243; radius=&#8221;std&#8221; border_color=&#8221;color-846875&#8243; border_style=&#8221;solid&#8221; shift_x=&#8221;0&#8243; shift_y=&#8221;0&#8243; shift_y_down=&#8221;0&#8243; z_index=&#8221;0&#8243; medium_width=&#8221;0&#8243; mobile_width=&#8221;0&#8243; width=&#8221;1\/1&#8243; uncode_shortcode_id=&#8221;696886&#8243; border_color_type=&#8221;uncode-palette&#8221; css=&#8221;.vc_custom_1739791279103{border-right-width: 1px !important;border-left-width: 1px !important;}&#8221; back_color_type=&#8221;uncode-solid&#8221; back_color_solid=&#8221;#0d0d0d&#8221;][vc_row_inner limit_content=&#8221;&#8221;][vc_column_inner column_width_percent=&#8221;100&#8243; align_horizontal=&#8221;align_center&#8221; gutter_size=&#8221;1&#8243; overlay_alpha=&#8221;50&#8243; shift_x=&#8221;0&#8243; shift_y=&#8221;0&#8243; shift_y_down=&#8221;0&#8243; z_index=&#8221;0&#8243; medium_width=&#8221;0&#8243; mobile_width=&#8221;0&#8243; width=&#8221;1\/1&#8243; uncode_shortcode_id=&#8221;373630&#8243;][vc_custom_heading text_color=&#8221;color-846875&#8243; text_size=&#8221;custom&#8221; css_animation=&#8221;curtain-words&#8221; uncode_shortcode_id=&#8221;183771&#8243; text_color_type=&#8221;uncode-palette&#8221; heading_custom_size=&#8221;40&#8243;]Voc\u00ea gosta do Marketmindz DNA?[\/vc_custom_heading][vc_custom_heading text_color=&#8221;color-241336&#8243; text_size=&#8221;custom&#8221; uncode_shortcode_id=&#8221;485648&#8243; text_color_type=&#8221;uncode-palette&#8221; heading_custom_size=&#8221;15&#8243;]N\u00e3o hesite em entrar em contato conosco, pois juntos faremos algo grandioso.[\/vc_custom_heading][vc_empty_space empty_h=&#8221;2&#8243;][\/vc_column_inner][\/vc_row_inner][vc_row_inner limit_content=&#8221;&#8221;][vc_column_inner column_width_percent=&#8221;100&#8243; align_horizontal=&#8221;align_center&#8221; gutter_size=&#8221;1&#8243; overlay_alpha=&#8221;50&#8243; shift_x=&#8221;0&#8243; shift_y=&#8221;0&#8243; shift_y_down=&#8221;0&#8243; z_index=&#8221;0&#8243; medium_width=&#8221;0&#8243; mobile_width=&#8221;0&#8243; width=&#8221;1\/1&#8243; uncode_shortcode_id=&#8221;782313&#8243;][vc_icon position=&#8221;left&#8221; space_reduced=&#8221;yes&#8221; icon=&#8221;fa fa-phone-handset&#8221; icon_color=&#8221;color-241336&#8243; heading_semantic=&#8221;h1&#8243; text_font=&#8221;font-846016&#8243; text_size=&#8221;h1&#8243; text_lead=&#8221;small&#8221; uncode_shortcode_id=&#8221;505755&#8243; icon_color_type=&#8221;uncode-palette&#8221;]<\/p>\n<h4 style=\"text-align: left;\"><span style=\"color: #ffffff;\">+1 (954) 736-9818<\/span><\/h4>\n<p>[\/vc_icon][vc_icon position=&#8221;left&#8221; space_reduced=&#8221;yes&#8221; icon=&#8221;fa fa-whatsapp&#8221; icon_color=&#8221;color-241336&#8243; heading_semantic=&#8221;h2&#8243; text_font=&#8221;font-846016&#8243; text_size=&#8221;h1&#8243; text_lead=&#8221;small&#8221; uncode_shortcode_id=&#8221;170343&#8243; icon_color_type=&#8221;uncode-palette&#8221;]<\/p>\n<h4 style=\"text-align: left;\"><span style=\"color: #ffffff;\">+1 (954) 736-9818<\/span><\/h4>\n<p>[\/vc_icon][vc_icon position=&#8221;left&#8221; space_reduced=&#8221;yes&#8221; icon=&#8221;fa fa-envelope3&#8243; icon_color=&#8221;color-241336&#8243; heading_semantic=&#8221;h2&#8243; text_font=&#8221;font-846016&#8243; text_size=&#8221;h1&#8243; text_lead=&#8221;small&#8221; uncode_shortcode_id=&#8221;433795&#8243; icon_color_type=&#8221;uncode-palette&#8221;]<\/p>\n<h4 style=\"text-align: left;\"><a href=\"mailto:hello@market-mindz.com\"><span style=\"color: #ffffff;\">hello@market-mindz.com<\/span><\/a><\/h4>\n<p>[\/vc_icon][vc_empty_space empty_h=&#8221;2&#8243;][vc_button button_color=&#8221;color-846875&#8243; size=&#8221;btn-lg&#8221; border_width=&#8221;0&#8243; button_color_type=&#8221;uncode-palette&#8221; uncode_shortcode_id=&#8221;170109&#8243; link=&#8221;url:https%3A%2F%2Fc8687ddb37df.quillforms.app%2Fforms%2Fmkmz-cotizacion-ingles-copy-2&#8243;]Solicite uma cota\u00e7\u00e3o![\/vc_button][\/vc_column_inner][\/vc_row_inner][vc_empty_space empty_h=&#8221;1&#8243;][\/vc_column][\/vc_row][vc_row unlock_row_content=&#8221;yes&#8221; row_height_percent=&#8221;0&#8243; overlay_alpha=&#8221;50&#8243; gutter_size=&#8221;3&#8243; column_width_percent=&#8221;100&#8243; shift_y=&#8221;0&#8243; z_index=&#8221;0&#8243; mobile_visibility=&#8221;yes&#8221; content_parallax=&#8221;0&#8243; uncode_shortcode_id=&#8221;198623&#8243;][vc_column column_width_percent=&#8221;100&#8243; gutter_size=&#8221;3&#8243; overlay_alpha=&#8221;50&#8243; radius=&#8221;std&#8221; border_color=&#8221;color-846875&#8243; border_style=&#8221;solid&#8221; shift_x=&#8221;0&#8243; shift_y=&#8221;0&#8243; shift_y_down=&#8221;0&#8243; z_index=&#8221;0&#8243; medium_width=&#8221;0&#8243; mobile_width=&#8221;0&#8243; width=&#8221;1\/1&#8243; uncode_shortcode_id=&#8221;337292&#8243; border_color_type=&#8221;uncode-palette&#8221; css=&#8221;.vc_custom_1739369161881{border-right-width: 1px !important;border-left-width: 1px !important;}&#8221; back_color_type=&#8221;uncode-solid&#8221; back_color_solid=&#8221;#0d0d0d&#8221;][vc_empty_space empty_h=&#8221;2&#8243;][vc_row_inner limit_content=&#8221;&#8221;][vc_column_inner column_width_percent=&#8221;100&#8243; align_horizontal=&#8221;align_center&#8221; gutter_size=&#8221;1&#8243; overlay_alpha=&#8221;50&#8243; shift_x=&#8221;0&#8243; shift_y=&#8221;0&#8243; shift_y_down=&#8221;0&#8243; z_index=&#8221;0&#8243; medium_width=&#8221;0&#8243; mobile_width=&#8221;0&#8243; width=&#8221;1\/1&#8243; uncode_shortcode_id=&#8221;143632&#8243; css=&#8221;.vc_custom_1737660690381{padding-left: 40px !important;}&#8221;][vc_custom_heading text_color=&#8221;color-846875&#8243; text_size=&#8221;custom&#8221; css_animation=&#8221;curtain-words&#8221; uncode_shortcode_id=&#8221;622256&#8243; text_color_type=&#8221;uncode-palette&#8221; heading_custom_size=&#8221;50&#8243;]Voc\u00ea gosta do Marketmindz DNA?[\/vc_custom_heading][vc_custom_heading text_color=&#8221;color-241336&#8243; text_size=&#8221;custom&#8221; uncode_shortcode_id=&#8221;452662&#8243; text_color_type=&#8221;uncode-palette&#8221; heading_custom_size=&#8221;30&#8243;]N\u00e3o hesite em entrar em contato conosco, pois juntos faremos algo grandioso.[\/vc_custom_heading][vc_empty_space empty_h=&#8221;2&#8243;][\/vc_column_inner][\/vc_row_inner][vc_row_inner limit_content=&#8221;&#8221;][vc_column_inner column_width_percent=&#8221;100&#8243; gutter_size=&#8221;1&#8243; overlay_alpha=&#8221;50&#8243; shift_x=&#8221;0&#8243; shift_y=&#8221;0&#8243; shift_y_down=&#8221;0&#8243; z_index=&#8221;0&#8243; medium_width=&#8221;0&#8243; mobile_width=&#8221;0&#8243; width=&#8221;1\/3&#8243; uncode_shortcode_id=&#8221;185495&#8243; css=&#8221;.vc_custom_1737660904452{padding-left: 40px !important;}&#8221;][\/vc_column_inner][vc_column_inner column_width_percent=&#8221;100&#8243; gutter_size=&#8221;0&#8243; overlay_alpha=&#8221;50&#8243; shift_x=&#8221;0&#8243; shift_y=&#8221;0&#8243; shift_y_down=&#8221;0&#8243; z_index=&#8221;0&#8243; medium_width=&#8221;0&#8243; mobile_width=&#8221;0&#8243; width=&#8221;2\/3&#8243; uncode_shortcode_id=&#8221;191984&#8243;][vc_icon position=&#8221;left&#8221; space_reduced=&#8221;yes&#8221; icon=&#8221;fa fa-phone-handset&#8221; icon_color=&#8221;color-241336&#8243; size=&#8221;fa-2x&#8221; heading_semantic=&#8221;h1&#8243; text_font=&#8221;font-846016&#8243; text_size=&#8221;h1&#8243; text_lead=&#8221;yes&#8221; uncode_shortcode_id=&#8221;713546&#8243; icon_color_type=&#8221;uncode-palette&#8221;]<\/p>\n<h2><span style=\"color: #ffffff;\">+1 (954) 736-9818<\/span><\/h2>\n<p>[\/vc_icon][vc_icon position=&#8221;left&#8221; space_reduced=&#8221;yes&#8221; icon=&#8221;fa fa-whatsapp&#8221; icon_color=&#8221;color-241336&#8243; size=&#8221;fa-2x&#8221; heading_semantic=&#8221;h2&#8243; text_font=&#8221;font-846016&#8243; text_size=&#8221;h1&#8243; text_lead=&#8221;yes&#8221; uncode_shortcode_id=&#8221;878907&#8243; icon_color_type=&#8221;uncode-palette&#8221;]<\/p>\n<h2><span style=\"color: #ffffff;\">+1 (954) 736-9818<\/span><\/h2>\n<p>[\/vc_icon][vc_icon position=&#8221;left&#8221; space_reduced=&#8221;yes&#8221; icon=&#8221;fa fa-envelope3&#8243; icon_color=&#8221;color-241336&#8243; size=&#8221;fa-2x&#8221; heading_semantic=&#8221;h2&#8243; text_font=&#8221;font-846016&#8243; text_size=&#8221;h1&#8243; text_lead=&#8221;yes&#8221; uncode_shortcode_id=&#8221;167265&#8243; icon_color_type=&#8221;uncode-palette&#8221;]<\/p>\n<h1><a href=\"mailto:hello@market-mindz.com\"><span style=\"color: #ffffff;\">hello@market-mindz.com<\/span><\/a><\/h1>\n<p>[\/vc_icon][vc_empty_space empty_h=&#8221;2&#8243;][vc_button button_color=&#8221;color-846875&#8243; border_width=&#8221;0&#8243; button_color_type=&#8221;uncode-palette&#8221; uncode_shortcode_id=&#8221;160205&#8243; link=&#8221;url:https%3A%2F%2Fc8687ddb37df.quillforms.app%2Fforms%2Fmkmz-cotizacion-ingles-copy-2&#8243;]Solicite uma cota\u00e7\u00e3o![\/vc_button][\/vc_column_inner][\/vc_row_inner][vc_empty_space empty_h=&#8221;3&#8243;][\/vc_column][\/vc_row][vc_row row_height_percent=&#8221;0&#8243; overlay_alpha=&#8221;50&#8243; gutter_size=&#8221;3&#8243; column_width_percent=&#8221;100&#8243; shift_y=&#8221;0&#8243; z_index=&#8221;0&#8243; mobile_visibility=&#8221;yes&#8221; content_parallax=&#8221;0&#8243; uncode_shortcode_id=&#8221;507521&#8243;][vc_column width=&#8221;1\/1&#8243;][vc_empty_space empty_h=&#8221;2&#8243;][\/vc_column][\/vc_row][vc_row row_height_percent=&#8221;50&#8243; override_padding=&#8221;yes&#8221; h_padding=&#8221;0&#8243; top_padding=&#8221;2&#8243; bottom_padding=&#8221;2&#8243; back_color=&#8221;color-846875&#8243; overlay_alpha=&#8221;50&#8243; gutter_size=&#8221;3&#8243; column_width_percent=&#8221;100&#8243; border_color=&#8221;color-jevc&#8221; border_style=&#8221;solid&#8221; shift_y=&#8221;0&#8243; z_index=&#8221;0&#8243; desktop_visibility=&#8221;yes&#8221; medium_visibility=&#8221;yes&#8221; content_parallax=&#8221;0&#8243; uncode_shortcode_id=&#8221;177305&#8243; back_color_type=&#8221;uncode-palette&#8221; border_color_type=&#8221;uncode-palette&#8221; css=&#8221;.vc_custom_1739792310733{padding-right: 10px !important;padding-left: 10px !important;}&#8221;][vc_column column_width_use_pixel=&#8221;yes&#8221; position_vertical=&#8221;middle&#8221; align_horizontal=&#8221;align_center&#8221; gutter_size=&#8221;3&#8243; overlay_alpha=&#8221;50&#8243; shift_x=&#8221;0&#8243; shift_y=&#8221;0&#8243; shift_y_down=&#8221;0&#8243; z_index=&#8221;0&#8243; medium_width=&#8221;0&#8243; mobile_width=&#8221;0&#8243; width=&#8221;1\/1&#8243; column_width_pixel=&#8221;900&#8243; uncode_shortcode_id=&#8221;181711&#8243;][vc_custom_heading text_color=&#8221;color-929084&#8243; heading_semantic=&#8221;h6&#8243; text_size=&#8221;fontsize-160000&#8243; text_transform=&#8221;uppercase&#8221; text_space=&#8221;fontspace-135905&#8243; uncode_shortcode_id=&#8221;145128&#8243; text_color_type=&#8221;uncode-palette&#8221;]Boletim informativo[\/vc_custom_heading][vc_custom_heading text_size=&#8221;custom&#8221; uncode_shortcode_id=&#8221;834051&#8243; heading_custom_size=&#8221;25&#8243;]N\u00e3o perca nenhuma atualiza\u00e7\u00e3o. Participe de nossa comunidade e mantenha-se informado.[\/vc_custom_heading][vc_row_inner limit_content=&#8221;&#8221;][vc_column_inner column_width_use_pixel=&#8221;yes&#8221; align_horizontal=&#8221;align_center&#8221; gutter_size=&#8221;0&#8243; overlay_alpha=&#8221;50&#8243; shift_x=&#8221;0&#8243; shift_y=&#8221;0&#8243; shift_y_down=&#8221;0&#8243; z_index=&#8221;0&#8243; medium_width=&#8221;0&#8243; mobile_width=&#8221;0&#8243; width=&#8221;1\/1&#8243; column_width_pixel=&#8221;400&#8243;][vc_button border_width=&#8221;0&#8243; uncode_shortcode_id=&#8221;157794&#8243; link=&#8221;url:https%3A%2F%2Fc8687ddb37df.quillforms.app%2Fforms%2Fmkmz-newsletter-portugues&#8221;]Sim, gostaria de receber informa\u00e7\u00f5es por e-mail[\/vc_button][\/vc_column_inner][\/vc_row_inner][\/vc_column][\/vc_row][vc_row row_height_percent=&#8221;50&#8243; override_padding=&#8221;yes&#8221; h_padding=&#8221;0&#8243; top_padding=&#8221;2&#8243; bottom_padding=&#8221;2&#8243; back_color=&#8221;color-846875&#8243; overlay_alpha=&#8221;50&#8243; gutter_size=&#8221;3&#8243; column_width_percent=&#8221;100&#8243; border_color=&#8221;color-jevc&#8221; border_style=&#8221;solid&#8221; shift_y=&#8221;0&#8243; z_index=&#8221;0&#8243; mobile_visibility=&#8221;yes&#8221; content_parallax=&#8221;0&#8243; uncode_shortcode_id=&#8221;135457&#8243; back_color_type=&#8221;uncode-palette&#8221; border_color_type=&#8221;uncode-palette&#8221; css=&#8221;.vc_custom_1739811883113{border-right-width: 30px !important;border-left-width: 30px !important;}&#8221;][vc_column column_width_use_pixel=&#8221;yes&#8221; position_vertical=&#8221;middle&#8221; align_horizontal=&#8221;align_center&#8221; gutter_size=&#8221;3&#8243; overlay_alpha=&#8221;50&#8243; shift_x=&#8221;0&#8243; shift_y=&#8221;0&#8243; shift_y_down=&#8221;0&#8243; z_index=&#8221;0&#8243; medium_width=&#8221;0&#8243; mobile_width=&#8221;0&#8243; width=&#8221;1\/1&#8243; column_width_pixel=&#8221;900&#8243; uncode_shortcode_id=&#8221;181711&#8243;][vc_custom_heading text_color=&#8221;color-929084&#8243; heading_semantic=&#8221;h6&#8243; text_size=&#8221;fontsize-160000&#8243; text_transform=&#8221;uppercase&#8221; text_space=&#8221;fontspace-135905&#8243; uncode_shortcode_id=&#8221;145128&#8243; text_color_type=&#8221;uncode-palette&#8221;]Boletim informativo[\/vc_custom_heading][vc_custom_heading heading_semantic=&#8221;h3&#8243; text_size=&#8221;fontsize-155944&#8243; uncode_shortcode_id=&#8221;182564&#8243;]N\u00e3o perca nenhuma atualiza\u00e7\u00e3o. Participe de nossa comunidade e mantenha-se informado.[\/vc_custom_heading][vc_row_inner limit_content=&#8221;&#8221;][vc_column_inner column_width_use_pixel=&#8221;yes&#8221; align_horizontal=&#8221;align_center&#8221; gutter_size=&#8221;0&#8243; overlay_alpha=&#8221;50&#8243; shift_x=&#8221;0&#8243; shift_y=&#8221;0&#8243; shift_y_down=&#8221;0&#8243; z_index=&#8221;0&#8243; medium_width=&#8221;0&#8243; mobile_width=&#8221;0&#8243; width=&#8221;1\/1&#8243; column_width_pixel=&#8221;400&#8243;][vc_button border_width=&#8221;0&#8243; uncode_shortcode_id=&#8221;488128&#8243; link=&#8221;url:https%3A%2F%2Fc8687ddb37df.quillforms.app%2Fforms%2Fmkmz-newsletter-portugues&#8221;]Sim, gostaria de receber informa\u00e7\u00f5es por e-mail[\/vc_button][\/vc_column_inner][\/vc_row_inner][\/vc_column][\/vc_row]<\/p>\n<\/div>","protected":false},"excerpt":{"rendered":"<p>[vc_row unlock_row_content=&#8221;yes&#8221; row_height_percent=&#8221;0&#8243; override_padding=&#8221;yes&#8221; h_padding=&#8221;5&#8243; top_padding=&#8221;4&#8243; bottom_padding=&#8221;6&#8243; overlay_alpha=&#8221;50&#8243; gutter_size=&#8221;3&#8243; column_width_percent=&#8221;100&#8243; shift_y=&#8221;0&#8243; z_index=&#8221;0&#8243; desktop_visibility=&#8221;yes&#8221; medium_visibility=&#8221;yes&#8221; content_parallax=&#8221;0&#8243; uncode_shortcode_id=&#8221;274257&#8243; css=&#8221;.vc_custom_1739811658364{padding-top: 10px !important;}&#8221;][vc_column column_width_percent=&#8221;100&#8243; [&hellip;]<\/p>\n","protected":false},"author":1,"featured_media":0,"parent":0,"menu_order":0,"comment_status":"closed","ping_status":"closed","template":"","meta":{"footnotes":""},"class_list":["post-147130","page","type-page","status-publish","hentry"],"_links":{"self":[{"href":"https:\/\/market-mindz.com\/pt-br\/index.php\/wp-json\/wp\/v2\/pages\/147130","targetHints":{"allow":["GET"]}}],"collection":[{"href":"https:\/\/market-mindz.com\/pt-br\/index.php\/wp-json\/wp\/v2\/pages"}],"about":[{"href":"https:\/\/market-mindz.com\/pt-br\/index.php\/wp-json\/wp\/v2\/types\/page"}],"author":[{"embeddable":true,"href":"https:\/\/market-mindz.com\/pt-br\/index.php\/wp-json\/wp\/v2\/users\/1"}],"replies":[{"embeddable":true,"href":"https:\/\/market-mindz.com\/pt-br\/index.php\/wp-json\/wp\/v2\/comments?post=147130"}],"version-history":[{"count":3,"href":"https:\/\/market-mindz.com\/pt-br\/index.php\/wp-json\/wp\/v2\/pages\/147130\/revisions"}],"predecessor-version":[{"id":147281,"href":"https:\/\/market-mindz.com\/pt-br\/index.php\/wp-json\/wp\/v2\/pages\/147130\/revisions\/147281"}],"wp:attachment":[{"href":"https:\/\/market-mindz.com\/pt-br\/index.php\/wp-json\/wp\/v2\/media?parent=147130"}],"curies":[{"name":"wp","href":"https:\/\/api.w.org\/{rel}","templated":true}]}}