{"id":147137,"date":"2025-01-27T18:33:37","date_gmt":"2025-01-27T17:33:37","guid":{"rendered":"https:\/\/market-mindz.com\/index.php\/cookies\/"},"modified":"2025-02-21T22:27:16","modified_gmt":"2025-02-21T21:27:16","slug":"cookies","status":"publish","type":"page","link":"https:\/\/market-mindz.com\/pt-br\/index.php\/cookies\/","title":{"rendered":"Cookies"},"content":{"rendered":"<div class=\"wpb-content-wrapper\"><p>[vc_row row_height_percent=&#8221;0&#8243; override_padding=&#8221;yes&#8221; h_padding=&#8221;0&#8243; top_padding=&#8221;3&#8243; bottom_padding=&#8221;0&#8243; overlay_alpha=&#8221;50&#8243; gutter_size=&#8221;3&#8243; column_width_percent=&#8221;100&#8243; shift_y=&#8221;0&#8243; z_index=&#8221;0&#8243; mobile_visibility=&#8221;yes&#8221; content_parallax=&#8221;0&#8243; uncode_shortcode_id=&#8221;203952&#8243;][vc_column width=&#8221;1\/1&#8243;][vc_empty_space empty_h=&#8221;1&#8243;][\/vc_column][\/vc_row][vc_row row_height_percent=&#8221;0&#8243; override_padding=&#8221;yes&#8221; h_padding=&#8221;2&#8243; top_padding=&#8221;3&#8243; bottom_padding=&#8221;0&#8243; overlay_alpha=&#8221;50&#8243; gutter_size=&#8221;3&#8243; column_width_percent=&#8221;100&#8243; shift_y=&#8221;0&#8243; z_index=&#8221;0&#8243; desktop_visibility=&#8221;yes&#8221; medium_visibility=&#8221;yes&#8221; content_parallax=&#8221;0&#8243; uncode_shortcode_id=&#8221;122574&#8243;][vc_column width=&#8221;1\/1&#8243;][vc_custom_heading text_size=&#8221;custom&#8221; text_weight=&#8221;500&#8243; text_height=&#8221;fontheight-524109&#8243; css_animation=&#8221;typewriter&#8221; animation_speed=&#8221;2000&#8243; uncode_shortcode_id=&#8221;154122&#8243; heading_custom_size=&#8221;14&#8243;]<\/p>\n<div class=\"et_pb_module et_pb_text et_pb_text_0 et_pb_text_align_left et_pb_bg_layout_light\">\n<div class=\"et_pb_text_inner\">\n<h2><b>Processamento de cookies<\/b><\/h2>\n<p>&nbsp;<\/p>\n<\/div>\n<\/div>\n<div class=\"et_pb_module et_pb_text et_pb_text_1 et_pb_text_align_left et_pb_bg_layout_light\">\n<div class=\"et_pb_text_inner\">\n<p><b>INFORMA\u00c7\u00d5ES E TERMINOLOGIAS<\/b><\/p>\n<p>Cookies s\u00e3o pequenos arquivos que sites, lojas on-line, intranets, plataformas on-line ou similares armazenam no navegador do usu\u00e1rio que os visita e s\u00e3o necess\u00e1rios para proporcionar in\u00fameras vantagens \u00e0 navega\u00e7\u00e3o na Web na presta\u00e7\u00e3o de servi\u00e7os interativos.<br \/>\nAs informa\u00e7\u00f5es a seguir sobre os poss\u00edveis tipos de cookies ajudam a entender melhor as fun\u00e7\u00f5es que eles possibilitam:<\/p>\n<p><b>Cookies de sess\u00e3o: <\/b><\/p>\n<p><b><\/b>Eles s\u00e3o cookies tempor\u00e1rios que permanecem no espa\u00e7o de cookies do seu computador at\u00e9 que voc\u00ea feche o navegador, de modo que nenhum deles \u00e9 gravado no disco do usu\u00e1rio. As informa\u00e7\u00f5es obtidas por meio desses cookies s\u00e3o usadas para permitir o gerenciamento operacional com cada um dos usu\u00e1rios que est\u00e3o acessando o site simultaneamente.<\/p>\n<p><b>Cookies persistentes:<\/b><\/p>\n<p>Esses s\u00e3o cookies que permanecem armazenados no espa\u00e7o de cookies do seu computador depois que o navegador \u00e9 fechado e que consultam o site na pr\u00f3xima vez que voc\u00ea o acessa para lembrar informa\u00e7\u00f5es que facilitam a navega\u00e7\u00e3o (acesso direto ao servi\u00e7o sem a necessidade de fazer login) ou a presta\u00e7\u00e3o de um servi\u00e7o comercial (oferta de produtos ou servi\u00e7os relacionados a visitas anteriores).<br \/>\nOs cookies trocados durante a navega\u00e7\u00e3o em um site podem ser:<\/p>\n<p><b>Cookies pr\u00f3prios ou de terceiros: <\/b><\/p>\n<p>Esses s\u00e3o cookies gerados pelo site que voc\u00ea est\u00e1 visitando.<\/p>\n<p><b>Cookies de terceiros: <\/b><\/p>\n<p>S\u00e3o cookies recebidos quando voc\u00ea navega no site, mas que foram gerados por um servi\u00e7o de terceiros que est\u00e1 hospedado no site. Um exemplo pode ser um cookie usado por um an\u00fancio ou banner publicit\u00e1rio no site que voc\u00ea est\u00e1 visitando. Outro pode ser um cookie usado por um web beacon contratado pelo site que voc\u00ea est\u00e1 visitando.<\/p>\n<p>Os cookies podem ser usados para:<\/p>\n<p><b>Finalidades t\u00e9cnicas:<\/b><\/p>\n<p>Tamb\u00e9m s\u00e3o conhecidos como &#8220;estritamente necess\u00e1rios&#8221;. Permitem que o usu\u00e1rio navegue por um site, plataforma ou aplicativo e use as diferentes op\u00e7\u00f5es ou servi\u00e7os existentes nele, como, por exemplo, controlar o tr\u00e1fego e a comunica\u00e7\u00e3o de dados, identificar a sess\u00e3o, acessar partes de acesso restrito, lembrar os elementos que comp\u00f5em um pedido, realizar o processo de compra de um pedido, fazer o pedido de registro ou participa\u00e7\u00e3o em um evento, usar elementos de seguran\u00e7a durante a navega\u00e7\u00e3o, armazenar conte\u00fado para a transmiss\u00e3o de v\u00eddeos ou som ou compartilhar conte\u00fado por meio de redes sociais.<\/p>\n<p><b>Personaliza\u00e7\u00e3o:<br \/>\n<\/b>Eles possibilitam que cada usu\u00e1rio configure aspectos como o idioma em que deseja ver a p\u00e1gina da Web, formatos de exibi\u00e7\u00e3o etc.<\/p>\n<p><b>An\u00e1lise ou desempenho: <\/b><\/p>\n<p>Eles nos permitem medir o n\u00famero de visitas e os crit\u00e9rios de navega\u00e7\u00e3o de diferentes \u00e1reas do site, aplicativo ou plataforma e nos permitem elaborar perfis de navega\u00e7\u00e3o dos usu\u00e1rios desses sites, aplicativos e plataformas, a fim de introduzir melhorias com base na an\u00e1lise dos dados de uso coletados dos usu\u00e1rios do servi\u00e7o.<\/p>\n<p><b>Publicidade:<\/b><\/p>\n<p>Eles possibilitam a implementa\u00e7\u00e3o de par\u00e2metros de efici\u00eancia na publicidade oferecida em sites.<\/p>\n<p><b>Publicidade comportamental: <\/b><\/p>\n<p>Eles possibilitam a implementa\u00e7\u00e3o de par\u00e2metros de efici\u00eancia na publicidade oferecida em p\u00e1ginas da Web, com base em informa\u00e7\u00f5es sobre o comportamento do usu\u00e1rio obtidas por meio da observa\u00e7\u00e3o cont\u00ednua de seus h\u00e1bitos de navega\u00e7\u00e3o, o que permite desenvolver um perfil espec\u00edfico para exibir publicidade com base nele.<\/p>\n<p><b>DETALHES DOS COOKIES USADOS<\/b><\/p>\n<p>O site da MARKETMINDZ usa cookies para o funcionamento adequado e a exibi\u00e7\u00e3o dos sites pelo usu\u00e1rio, bem como para a coleta de estat\u00edsticas. Especificamente, s\u00e3o usados os seguintes cookies:<\/p>\n<ul>\n<li>adwords.com<\/li>\n<li>doubleclick.net<\/li>\n<li>google.com<\/li>\n<li>googleadservices.com<\/li>\n<li>googleapis.com<\/li>\n<li>googlesyndication.com<\/li>\n<li>googletagmanager.com<\/li>\n<li>googletagservices.com<\/li>\n<li>googletraveladservices.com<\/li>\n<li>googleusercontent.com<\/li>\n<li>google-analytics.com<\/li>\n<li>gstatic.com<\/li>\n<li>ouri\u00e7o.com<\/li>\n<li>youtube.com<\/li>\n<li>ytimg.com<\/li>\n<\/ul>\n<p><b>SERVI\u00c7OS DE TERCEIROS<\/b><\/p>\n<p>Al\u00e9m disso, a MARKETMINDZ est\u00e1 presente em portais e servi\u00e7os de terceiros para os quais, se voc\u00ea deseja conhecer as condi\u00e7\u00f5es de privacidade e uso de cookies, deve consultar as pol\u00edticas fornecidas pelos mesmos:<\/p>\n<p>Facebook: <a href=\"https:\/\/es-es.facebook.com\/help\/cookies\" target=\"_blank\" rel=\"noopener\">https:\/\/es-es.facebook.com\/help\/cookies<br \/>\n<\/a>Twitter: <a href=\"https:\/\/twitter.com\/privacy\" target=\"_blank\" rel=\"noopener\">https:\/\/twitter.com\/privacy<\/a><br \/>\nYoutube: <a href=\"https:\/\/www.google.es\/intl\/es\/policies\/technologies\/cookies\/%C2%A0\" target=\"_blank\" rel=\"noopener\">https:\/\/www.google.es\/intl\/es\/policies\/technologies\/cookies\/ <\/a><br \/>\nLinkedin: <a href=\"http:\/\/www.linkedin.com\/legal\/privacy-policy\" target=\"_blank\" rel=\"noopener\">http:\/\/www.linkedin.com\/legal\/privacy-policy<\/a><br \/>\nGoogle+: <a href=\"https:\/\/www.google.es\/intl\/es\/policies\/technologies\/cookies\/\" target=\"_blank\" rel=\"noopener\">https:\/\/www.google.es\/intl\/es\/policies\/technologies\/cookies\/<br \/>\n<\/a>Instagram: <a href=\"https:\/\/www.facebook.com\/policies\/cookies\/\" target=\"_blank\" rel=\"noopener\">https:\/\/www.facebook.com\/policies\/cookies\/<\/a><\/p>\n<p><b>ACEITA\u00c7\u00c3O DA POL\u00cdTICA DE COOKIES<\/b><\/p>\n<p>A MARKETMINDZ ENTERPRISE LLC exibe informa\u00e7\u00f5es sobre sua Pol\u00edtica de Cookies na parte inferior de qualquer p\u00e1gina do site a cada login, para que voc\u00ea tenha conhecimento dela.<\/p>\n<p>Com essas informa\u00e7\u00f5es, as seguintes a\u00e7\u00f5es s\u00e3o poss\u00edveis:<\/p>\n<ul>\n<li><b>Aceitar cookies: <\/b>Esse aviso n\u00e3o ser\u00e1 exibido novamente quando voc\u00ea acessar qualquer p\u00e1gina do portal durante a sess\u00e3o atual.<\/li>\n<li><b>Modificar a configura\u00e7\u00e3o: <\/b>Voc\u00ea pode obter mais informa\u00e7\u00f5es sobre cookies, conhecer a Pol\u00edtica de Cookies da Arkae e modificar a configura\u00e7\u00e3o do seu navegador para restringir ou bloquear os cookies da Arkae a qualquer momento. No caso de voc\u00ea restringir ou bloquear os cookies, as funcionalidades do site poder\u00e3o ser reduzidas.<\/li>\n<li><b>Continue navegando ou mova a barra de rolagem: <\/b>Nesse caso, consideramos que voc\u00ea aceita seu uso.<\/li>\n<\/ul>\n<p><b>COMO ALTERAR SUAS CONFIGURA\u00c7\u00d5ES DE COOKIES<\/b><\/p>\n<p>Voc\u00ea pode restringir, bloquear ou excluir cookies da MARKETMINDZ ENTERPRISE LLC ou de qualquer outro site usando seu navegador. Cada navegador funciona de forma diferente; a fun\u00e7\u00e3o &#8220;Ajuda&#8221; mostrar\u00e1 a voc\u00ea como fazer isso:<\/p>\n<p><b>Internet Explorer:<\/b> <a href=\"https:\/\/support.microsoft.com\/es-es\/help\/17442\/windows-internet-explorer-delete-manage-cookies#ie=\" target=\"_blank\" rel=\"noopener\"><b>https:\/\/support.microsoft.com\/es-es\/help\/17442\/windows-internet-explorer-delete-manage-cookies#ie=<\/b><\/a><\/p>\n<p><b>FireFox:<\/b> <a href=\"https:\/\/support.mozilla.org\/es\/kb\/Borrar%2520cookies\" target=\"_blank\" rel=\"noopener\"><b>https:\/\/support.mozilla.org\/es\/kb\/Borrar%20cookies<\/b><\/a><\/p>\n<p><b>Chrome: <\/b><a href=\"https:\/\/support.google.com\/chrome\/answer\/95647?hl=\" target=\"_blank\" rel=\"noopener\"><b>support.google.com\/chrome\/answer\/95647?hl=&#8221;en&#8221;<\/b><\/a><\/p>\n<p><b>Safari:<\/b> <a href=\"http:\/\/www.apple.com\/es\/privacy\/use-of-cookies\/\" target=\"_blank\" rel=\"noopener\"><b>www.apple.com\/es\/privacy\/use-of-cookies\/<\/b><\/a><\/p>\n<p>Al\u00e9m disso, voc\u00ea tamb\u00e9m pode gerenciar o armazenamento de cookies no navegador usando ferramentas como as seguintes:<\/p>\n<p><b>Ghostery: <\/b><a href=\"http:\/\/www.ghostery.com\/\" target=\"_blank\" rel=\"noopener\"><b>www.ghostery.com\/<\/b><\/a><br \/>\n<b>Suas escolhas on-line: <\/b><a href=\"http:\/\/www.youronlinechoices.com\/es\/\" target=\"_blank\" rel=\"noopener\"><b>www.youronlinechoices.com\/es\/<\/b><\/a><\/p>\n<\/div>\n<\/div>\n<p>[\/vc_custom_heading][\/vc_column][\/vc_row][vc_row row_height_percent=&#8221;0&#8243; override_padding=&#8221;yes&#8221; h_padding=&#8221;0&#8243; top_padding=&#8221;3&#8243; bottom_padding=&#8221;0&#8243; overlay_alpha=&#8221;50&#8243; gutter_size=&#8221;3&#8243; column_width_percent=&#8221;100&#8243; shift_y=&#8221;0&#8243; z_index=&#8221;0&#8243; mobile_visibility=&#8221;yes&#8221; content_parallax=&#8221;0&#8243; uncode_shortcode_id=&#8221;830481&#8243;][vc_column width=&#8221;1\/1&#8243;][vc_custom_heading text_size=&#8221;custom&#8221; text_weight=&#8221;500&#8243; text_height=&#8221;fontheight-524109&#8243; css_animation=&#8221;typewriter&#8221; animation_speed=&#8221;2000&#8243; uncode_shortcode_id=&#8221;154122&#8243; heading_custom_size=&#8221;14&#8243;]<\/p>\n<div class=\"et_pb_module et_pb_text et_pb_text_0 et_pb_text_align_left et_pb_bg_layout_light\">\n<div class=\"et_pb_text_inner\">\n<h2><b>Processamento de cookies<\/b><\/h2>\n<p>&nbsp;<\/p>\n<\/div>\n<\/div>\n<div class=\"et_pb_module et_pb_text et_pb_text_1 et_pb_text_align_left et_pb_bg_layout_light\">\n<div class=\"et_pb_text_inner\">\n<p><b>INFORMA\u00c7\u00d5ES E TERMINOLOGIAS<\/b><\/p>\n<p>Cookies s\u00e3o pequenos arquivos que sites, lojas on-line, intranets, plataformas on-line ou similares armazenam no navegador do usu\u00e1rio que os visita e s\u00e3o necess\u00e1rios para proporcionar in\u00fameras vantagens \u00e0 navega\u00e7\u00e3o na Web na presta\u00e7\u00e3o de servi\u00e7os interativos.<br \/>\nAs informa\u00e7\u00f5es a seguir sobre os poss\u00edveis tipos de cookies ajudam a entender melhor as fun\u00e7\u00f5es que eles possibilitam:<\/p>\n<p><b>Cookies de sess\u00e3o: <\/b><\/p>\n<p><b><\/b>Eles s\u00e3o cookies tempor\u00e1rios que permanecem no espa\u00e7o de cookies do seu computador at\u00e9 que voc\u00ea feche o navegador, de modo que nenhum deles \u00e9 gravado no disco do usu\u00e1rio. As informa\u00e7\u00f5es obtidas por meio desses cookies s\u00e3o usadas para permitir o gerenciamento operacional com cada um dos usu\u00e1rios que est\u00e3o acessando o site simultaneamente.<\/p>\n<p><b>Cookies persistentes:<\/b><\/p>\n<p>Esses s\u00e3o cookies que permanecem armazenados no espa\u00e7o de cookies do seu computador depois que o navegador \u00e9 fechado e que consultam o site na pr\u00f3xima vez que voc\u00ea o acessa para lembrar informa\u00e7\u00f5es que facilitam a navega\u00e7\u00e3o (acesso direto ao servi\u00e7o sem a necessidade de fazer login) ou a presta\u00e7\u00e3o de um servi\u00e7o comercial (oferta de produtos ou servi\u00e7os relacionados a visitas anteriores).<br \/>\nOs cookies trocados durante a navega\u00e7\u00e3o em um site podem ser:<\/p>\n<p><b>Cookies pr\u00f3prios ou de terceiros: <\/b><\/p>\n<p>Esses s\u00e3o cookies gerados pelo site que voc\u00ea est\u00e1 visitando.<\/p>\n<p><b>Cookies de terceiros: <\/b><\/p>\n<p>S\u00e3o cookies recebidos quando voc\u00ea navega no site, mas que foram gerados por um servi\u00e7o de terceiros que est\u00e1 hospedado no site. Um exemplo pode ser um cookie usado por um an\u00fancio ou banner publicit\u00e1rio no site que voc\u00ea est\u00e1 visitando. Outro pode ser um cookie usado por um web beacon contratado pelo site que voc\u00ea est\u00e1 visitando.<\/p>\n<p>Os cookies podem ser usados para:<\/p>\n<p><b>Finalidades t\u00e9cnicas:<\/b><\/p>\n<p>Tamb\u00e9m s\u00e3o conhecidos como &#8220;estritamente necess\u00e1rios&#8221;. Permitem que o usu\u00e1rio navegue por um site, plataforma ou aplicativo e use as diferentes op\u00e7\u00f5es ou servi\u00e7os existentes nele, como, por exemplo, controlar o tr\u00e1fego e a comunica\u00e7\u00e3o de dados, identificar a sess\u00e3o, acessar partes de acesso restrito, lembrar os elementos que comp\u00f5em um pedido, realizar o processo de compra de um pedido, fazer o pedido de registro ou participa\u00e7\u00e3o em um evento, usar elementos de seguran\u00e7a durante a navega\u00e7\u00e3o, armazenar conte\u00fado para a transmiss\u00e3o de v\u00eddeos ou som ou compartilhar conte\u00fado por meio de redes sociais.<\/p>\n<p><b>Personaliza\u00e7\u00e3o:<br \/>\n<\/b>Eles possibilitam que cada usu\u00e1rio configure aspectos como o idioma em que deseja ver a p\u00e1gina da Web, formatos de exibi\u00e7\u00e3o etc.<\/p>\n<p><b>An\u00e1lise ou desempenho: <\/b><\/p>\n<p>Eles nos permitem medir o n\u00famero de visitas e os crit\u00e9rios de navega\u00e7\u00e3o de diferentes \u00e1reas do site, aplicativo ou plataforma e nos permitem elaborar perfis de navega\u00e7\u00e3o dos usu\u00e1rios desses sites, aplicativos e plataformas, a fim de introduzir melhorias com base na an\u00e1lise dos dados de uso coletados dos usu\u00e1rios do servi\u00e7o.<\/p>\n<p><b>Publicidade:<\/b><\/p>\n<p>Eles possibilitam a implementa\u00e7\u00e3o de par\u00e2metros de efici\u00eancia na publicidade oferecida em sites.<\/p>\n<p><b>Publicidade comportamental: <\/b><\/p>\n<p>Eles possibilitam a implementa\u00e7\u00e3o de par\u00e2metros de efici\u00eancia na publicidade oferecida em p\u00e1ginas da Web, com base em informa\u00e7\u00f5es sobre o comportamento do usu\u00e1rio obtidas por meio da observa\u00e7\u00e3o cont\u00ednua de seus h\u00e1bitos de navega\u00e7\u00e3o, o que permite desenvolver um perfil espec\u00edfico para exibir publicidade com base nele.<\/p>\n<p><b>DETALHES DOS COOKIES USADOS<\/b><\/p>\n<p>O site da MARKETMINDZ usa cookies para o funcionamento adequado e a exibi\u00e7\u00e3o dos sites pelo usu\u00e1rio, bem como para a coleta de estat\u00edsticas. Especificamente, s\u00e3o usados os seguintes cookies:<\/p>\n<ul>\n<li>adwords.com<\/li>\n<li>doubleclick.net<\/li>\n<li>google.com<\/li>\n<li>googleadservices.com<\/li>\n<li>googleapis.com<\/li>\n<li>googlesyndication.com<\/li>\n<li>googletagmanager.com<\/li>\n<li>googletagservices.com<\/li>\n<li>googletraveladservices.com<\/li>\n<li>googleusercontent.com<\/li>\n<li>google-analytics.com<\/li>\n<li>gstatic.com<\/li>\n<li>ouri\u00e7o.com<\/li>\n<li>youtube.com<\/li>\n<li>ytimg.com<\/li>\n<\/ul>\n<p><b>SERVI\u00c7OS DE TERCEIROS<\/b><\/p>\n<p>Al\u00e9m disso, a MARKETMINDZ est\u00e1 presente em portais e servi\u00e7os de terceiros para os quais, se voc\u00ea deseja conhecer as condi\u00e7\u00f5es de privacidade e uso de cookies, deve consultar as pol\u00edticas fornecidas pelos mesmos:<\/p>\n<p>Facebook: <a href=\"https:\/\/es-es.facebook.com\/help\/cookies\" target=\"_blank\" rel=\"noopener\">https:\/\/es-es.facebook.com\/help\/cookies<br \/>\n<\/a>Twitter: <a href=\"https:\/\/twitter.com\/privacy\" target=\"_blank\" rel=\"noopener\">https:\/\/twitter.com\/privacy<\/a><br \/>\nYoutube: <a href=\"https:\/\/www.google.es\/intl\/es\/policies\/technologies\/cookies\/%C2%A0\" target=\"_blank\" rel=\"noopener\">https:\/\/www.google.es\/intl\/es\/policies\/technologies\/cookies\/ <\/a><br \/>\nLinkedin: <a href=\"http:\/\/www.linkedin.com\/legal\/privacy-policy\" target=\"_blank\" rel=\"noopener\">http:\/\/www.linkedin.com\/legal\/privacy-policy<\/a><br \/>\nGoogle+: <a href=\"https:\/\/www.google.es\/intl\/es\/policies\/technologies\/cookies\/\" target=\"_blank\" rel=\"noopener\">https:\/\/www.google.es\/intl\/es\/policies\/technologies\/cookies\/<br \/>\n<\/a>Instagram: <a href=\"https:\/\/www.facebook.com\/policies\/cookies\/\" target=\"_blank\" rel=\"noopener\">https:\/\/www.facebook.com\/policies\/cookies\/<\/a><\/p>\n<p><b>ACEITA\u00c7\u00c3O DA POL\u00cdTICA DE COOKIES<\/b><\/p>\n<p>A MARKETMINDZ ENTERPRISE LLC exibe informa\u00e7\u00f5es sobre sua Pol\u00edtica de Cookies na parte inferior de qualquer p\u00e1gina do site a cada login, para que voc\u00ea tenha conhecimento dela.<\/p>\n<p>Com essas informa\u00e7\u00f5es, as seguintes a\u00e7\u00f5es s\u00e3o poss\u00edveis:<\/p>\n<ul>\n<li><b>Aceitar cookies: <\/b>Esse aviso n\u00e3o ser\u00e1 exibido novamente quando voc\u00ea acessar qualquer p\u00e1gina do portal durante a sess\u00e3o atual.<\/li>\n<li><b>Modificar a configura\u00e7\u00e3o: <\/b>Voc\u00ea pode obter mais informa\u00e7\u00f5es sobre cookies, conhecer a Pol\u00edtica de Cookies da Arkae e modificar a configura\u00e7\u00e3o do seu navegador para restringir ou bloquear os cookies da Arkae a qualquer momento. No caso de voc\u00ea restringir ou bloquear os cookies, as funcionalidades do site poder\u00e3o ser reduzidas.<\/li>\n<li><b>Continue navegando ou mova a barra de rolagem: <\/b>Nesse caso, consideramos que voc\u00ea aceita seu uso.<\/li>\n<\/ul>\n<p><b>COMO ALTERAR SUAS CONFIGURA\u00c7\u00d5ES DE COOKIES<\/b><\/p>\n<p>Voc\u00ea pode restringir, bloquear ou excluir cookies da MARKETMINDZ ENTERPRISE LLC ou de qualquer outro site usando seu navegador. Cada navegador funciona de forma diferente; a fun\u00e7\u00e3o &#8220;Ajuda&#8221; mostrar\u00e1 a voc\u00ea como fazer isso:<\/p>\n<p><b>Internet Explorer:<\/b> <a href=\"https:\/\/support.microsoft.com\/es-es\/help\/17442\/windows-internet-explorer-delete-manage-cookies#ie=\" target=\"_blank\" rel=\"noopener\"><b>https:\/\/support.microsoft.com\/es-es\/help\/17442\/windows-internet-explorer-delete-manage-cookies#ie=<\/b><\/a><\/p>\n<p><b>FireFox:<\/b> <a href=\"https:\/\/support.mozilla.org\/es\/kb\/Borrar%2520cookies\" target=\"_blank\" rel=\"noopener\"><b>https:\/\/support.mozilla.org\/es\/kb\/Borrar%20cookies<\/b><\/a><\/p>\n<p><b>Chrome: <\/b><a href=\"https:\/\/support.google.com\/chrome\/answer\/95647?hl=\" target=\"_blank\" rel=\"noopener\"><b>support.google.com\/chrome\/answer\/95647?hl=&#8221;en&#8221;<\/b><\/a><\/p>\n<p><b>Safari:<\/b> <a href=\"http:\/\/www.apple.com\/es\/privacy\/use-of-cookies\/\" target=\"_blank\" rel=\"noopener\"><b>www.apple.com\/es\/privacy\/use-of-cookies\/<\/b><\/a><\/p>\n<p>Al\u00e9m disso, voc\u00ea tamb\u00e9m pode gerenciar o armazenamento de cookies no navegador usando ferramentas como as seguintes:<\/p>\n<p><b>Ghostery: <\/b><a href=\"http:\/\/www.ghostery.com\/\" target=\"_blank\" rel=\"noopener\"><b>www.ghostery.com\/<\/b><\/a><br \/>\n<b>Suas escolhas on-line: <\/b><a href=\"http:\/\/www.youronlinechoices.com\/es\/\" target=\"_blank\" rel=\"noopener\"><b>www.youronlinechoices.com\/es\/<\/b><\/a><\/p>\n<\/div>\n<\/div>\n<p>[\/vc_custom_heading][\/vc_column][\/vc_row][vc_row][vc_column width=&#8221;1\/1&#8243;][vc_empty_space empty_h=&#8221;2&#8243;][\/vc_column][\/vc_row]<\/p>\n<\/div>","protected":false},"excerpt":{"rendered":"<p>[vc_row row_height_percent=&#8221;0&#8243; override_padding=&#8221;yes&#8221; h_padding=&#8221;0&#8243; top_padding=&#8221;3&#8243; bottom_padding=&#8221;0&#8243; overlay_alpha=&#8221;50&#8243; gutter_size=&#8221;3&#8243; column_width_percent=&#8221;100&#8243; shift_y=&#8221;0&#8243; z_index=&#8221;0&#8243; mobile_visibility=&#8221;yes&#8221; content_parallax=&#8221;0&#8243; uncode_shortcode_id=&#8221;203952&#8243;][vc_column width=&#8221;1\/1&#8243;][vc_empty_space empty_h=&#8221;1&#8243;][\/vc_column][\/vc_row][vc_row row_height_percent=&#8221;0&#8243; override_padding=&#8221;yes&#8221; h_padding=&#8221;2&#8243; top_padding=&#8221;3&#8243; [&hellip;]<\/p>\n","protected":false},"author":1,"featured_media":0,"parent":0,"menu_order":0,"comment_status":"closed","ping_status":"closed","template":"","meta":{"footnotes":""},"class_list":["post-147137","page","type-page","status-publish","hentry"],"_links":{"self":[{"href":"https:\/\/market-mindz.com\/pt-br\/index.php\/wp-json\/wp\/v2\/pages\/147137","targetHints":{"allow":["GET"]}}],"collection":[{"href":"https:\/\/market-mindz.com\/pt-br\/index.php\/wp-json\/wp\/v2\/pages"}],"about":[{"href":"https:\/\/market-mindz.com\/pt-br\/index.php\/wp-json\/wp\/v2\/types\/page"}],"author":[{"embeddable":true,"href":"https:\/\/market-mindz.com\/pt-br\/index.php\/wp-json\/wp\/v2\/users\/1"}],"replies":[{"embeddable":true,"href":"https:\/\/market-mindz.com\/pt-br\/index.php\/wp-json\/wp\/v2\/comments?post=147137"}],"version-history":[{"count":3,"href":"https:\/\/market-mindz.com\/pt-br\/index.php\/wp-json\/wp\/v2\/pages\/147137\/revisions"}],"predecessor-version":[{"id":147285,"href":"https:\/\/market-mindz.com\/pt-br\/index.php\/wp-json\/wp\/v2\/pages\/147137\/revisions\/147285"}],"wp:attachment":[{"href":"https:\/\/market-mindz.com\/pt-br\/index.php\/wp-json\/wp\/v2\/media?parent=147137"}],"curies":[{"name":"wp","href":"https:\/\/api.w.org\/{rel}","templated":true}]}}